{"id":21105,"date":"2023-02-22T12:22:50","date_gmt":"2023-02-22T12:22:50","guid":{"rendered":"https:\/\/imageskincare.lt\/product\/ageless-total-overnight-retinol-masque-1-7-fl-oz-48-g\/"},"modified":"2023-02-22T12:22:50","modified_gmt":"2023-02-22T12:22:50","slug":"ageless-total-overnight-retinol-masque-1-7-fl-oz-48-g","status":"publish","type":"product","link":"https:\/\/imageskincare.lt\/lt\/produktas\/ageless-total-overnight-retinol-masque-1-7-fl-oz-48-g\/","title":{"rendered":"AGELESS Total Naktin\u0117 retinolio kauk\u0117  1.7 fl oz (48 g)"},"content":{"rendered":"<p><strong>Naudojimas:<\/strong> U\u017etepkite kauk\u0119 plonu sluoksniu ant visi\u0161kai i\u0161valytos odos 2 \u2013 3 kartus per savait\u0119. Palikite per nakt\u012f, ryte nuplaukite drungnu vandeniu.<\/p>\n<p>&nbsp;<\/p>\n<p><strong>Kaip veikia: <\/strong><\/p>\n<p><strong>\u00a0<\/strong><\/p>\n<p>Palaiko kolageno sintez\u0119, tuo pa\u010diu u\u017ekertant keli\u0105 dr\u0117gm\u0117s praradimui i\u0161 epidermio odos sluoksnio.<\/p>\n","protected":false},"excerpt":{"rendered":"<p>Revoliucija retinolio terapijoje intensyviam naktiniam odos atgaivinimui. Daugiafunkc\u0117 technologija palaipsniui i\u0161skiria kapsuliuot\u0105 retinol\u012f ir dr\u0117kinan\u010dias j\u016brinio kolageno mikrosferas, tam kad suma\u017e\u0117t\u0173 rauk\u0161l\u0117s, o dr\u0117gm\u0117 patekt\u0173 \u012f od\u0105. Stangrina ir palaiko odos elastingum\u0105.<\/p>\n","protected":false},"featured_media":21028,"template":"","meta":[],"etheme_brands":[],"product_cat":[44],"product_tag":[],"_links":{"self":[{"href":"https:\/\/imageskincare.lt\/lt\/wp-json\/wp\/v2\/product\/21105"}],"collection":[{"href":"https:\/\/imageskincare.lt\/lt\/wp-json\/wp\/v2\/product"}],"about":[{"href":"https:\/\/imageskincare.lt\/lt\/wp-json\/wp\/v2\/types\/product"}],"wp:featuredmedia":[{"embeddable":true,"href":"https:\/\/imageskincare.lt\/lt\/wp-json\/wp\/v2\/media\/21028"}],"wp:attachment":[{"href":"https:\/\/imageskincare.lt\/lt\/wp-json\/wp\/v2\/media?parent=21105"}],"wp:term":[{"taxonomy":"brand","embeddable":true,"href":"https:\/\/imageskincare.lt\/lt\/wp-json\/wp\/v2\/etheme_brands?post=21105"},{"taxonomy":"product_cat","embeddable":true,"href":"https:\/\/imageskincare.lt\/lt\/wp-json\/wp\/v2\/product_cat?post=21105"},{"taxonomy":"product_tag","embeddable":true,"href":"https:\/\/imageskincare.lt\/lt\/wp-json\/wp\/v2\/product_tag?post=21105"}],"curies":[{"name":"wp","href":"https:\/\/api.w.org\/{rel}","templated":true}]}}