{"id":21106,"date":"2023-02-22T12:22:28","date_gmt":"2023-02-22T12:22:28","guid":{"rendered":"https:\/\/imageskincare.lt\/product\/ageless-total-repair-creme-2-oz-56-7-g\/"},"modified":"2023-02-22T12:22:28","modified_gmt":"2023-02-22T12:22:28","slug":"ageless-total-repair-creme-2-oz-56-7-g","status":"publish","type":"product","link":"https:\/\/imageskincare.lt\/lt\/produktas\/ageless-total-repair-creme-2-oz-56-7-g\/","title":{"rendered":"AGELESS Total Atkuriamasis veido kremas  2 oz (56.7 g)"},"content":{"rendered":"<p><strong>Naudojimas:<\/strong> Naudokite ant \u0161varios odos vakare prad\u017eioje 1-2 kartus per savait\u0119, v\u0117liau naudokite kas vakar\u0105.<\/p>\n<p><strong>Kaip veikia<\/strong>:<\/p>\n<p>\u2013 Kovoja su sen\u0117jimo po\u017eymiais, \u012fskaitant smulkias rauk\u0161les, nevienod\u0105 odos atspalv\u012f bei tekst\u016br\u0105<\/p>\n<p>\u2013 Retinolio ir glikolio r\u016bg\u0161ties mi\u0161inys padeda pagerinti odos i\u0161vaizd\u0105.<\/p>\n<p>\u2013 Hialurono r\u016bg\u0161tis sulaiko dr\u0117gm\u0119 odoje, pastebimai suma\u017eindama rauk\u0161leles.<\/p>\n","protected":false},"excerpt":{"rendered":"<p>Veiksmingai ma\u017eina papilk\u0117jim\u0105, padidina odos stangrum\u0105 ir i\u0161lygina j\u0105. Glikolio r\u016bg\u0161tis ir kapsuliuotos retinolio sferos kovoja su rauk\u0161li\u0173 atsiradimu, nevienoda odos strukt\u016bra ir netolygiu veido atspalviu. Taukmed\u017eio sviestas ir hialurono r\u016bg\u0161tis dr\u0117kina od\u0105 ir suteikia sveik\u0105 spindes\u012f.<\/p>\n","protected":false},"featured_media":21008,"template":"","meta":[],"etheme_brands":[],"product_cat":[45],"product_tag":[],"_links":{"self":[{"href":"https:\/\/imageskincare.lt\/lt\/wp-json\/wp\/v2\/product\/21106"}],"collection":[{"href":"https:\/\/imageskincare.lt\/lt\/wp-json\/wp\/v2\/product"}],"about":[{"href":"https:\/\/imageskincare.lt\/lt\/wp-json\/wp\/v2\/types\/product"}],"wp:featuredmedia":[{"embeddable":true,"href":"https:\/\/imageskincare.lt\/lt\/wp-json\/wp\/v2\/media\/21008"}],"wp:attachment":[{"href":"https:\/\/imageskincare.lt\/lt\/wp-json\/wp\/v2\/media?parent=21106"}],"wp:term":[{"taxonomy":"brand","embeddable":true,"href":"https:\/\/imageskincare.lt\/lt\/wp-json\/wp\/v2\/etheme_brands?post=21106"},{"taxonomy":"product_cat","embeddable":true,"href":"https:\/\/imageskincare.lt\/lt\/wp-json\/wp\/v2\/product_cat?post=21106"},{"taxonomy":"product_tag","embeddable":true,"href":"https:\/\/imageskincare.lt\/lt\/wp-json\/wp\/v2\/product_tag?post=21106"}],"curies":[{"name":"wp","href":"https:\/\/api.w.org\/{rel}","templated":true}]}}