{"id":21107,"date":"2023-02-22T12:22:07","date_gmt":"2023-02-22T12:22:07","guid":{"rendered":"https:\/\/imageskincare.lt\/product\/ageless-total-resurfacing-masque-2-oz-57-g\/"},"modified":"2023-04-11T09:40:57","modified_gmt":"2023-04-11T09:40:57","slug":"ageless-total-resurfacing-masque-2-oz-57-g","status":"publish","type":"product","link":"https:\/\/imageskincare.lt\/lt\/produktas\/ageless-total-resurfacing-masque-2-oz-57-g\/","title":{"rendered":"AGELESS Total Od\u0105 atjauninanti kauk\u0117  oz (57 g)"},"content":{"rendered":"<p><strong>Naudojimas:<\/strong> U\u017etepkite kauk\u0119 ant viso veido ir laikykite 5-30 minu\u010di\u0173. Sudr\u0117kinkite rankas ir masa\u017euokite 1 minut\u0119, po to nuplaukite kauk\u0119 \u0161iltu vandeniu, u\u017ebaikite \u0161altu vandeniu.<\/p>\n","protected":false},"excerpt":{"rendered":"<p>Subtili\u0173 \u0161veitimo savybi\u0173 turinti kauk\u0117 atgaivina ir atjaunina od\u0105. Hidroksi r\u016bg\u0161\u010di\u0173, glotninan\u010di\u0173 granuli\u0173 ir vaisi\u0173 ferment\u0173 kompleksas u\u017etikrina visapusi\u0161k\u0105 \u0161veitim\u0105, suvienodina odos spalv\u0105 ir padeda jai i\u0161likti sveikai. Augalin\u0117s kilm\u0117s skaistinantys ingredientai kovoja su pigmentini\u0173 d\u0117mi\u0173 atsiradimu. Puikiai tinka tiek veidui, tiek k\u016bnui.<\/p>\n","protected":false},"featured_media":20987,"template":"","meta":[],"etheme_brands":[],"product_cat":[46],"product_tag":[],"_links":{"self":[{"href":"https:\/\/imageskincare.lt\/lt\/wp-json\/wp\/v2\/product\/21107"}],"collection":[{"href":"https:\/\/imageskincare.lt\/lt\/wp-json\/wp\/v2\/product"}],"about":[{"href":"https:\/\/imageskincare.lt\/lt\/wp-json\/wp\/v2\/types\/product"}],"wp:featuredmedia":[{"embeddable":true,"href":"https:\/\/imageskincare.lt\/lt\/wp-json\/wp\/v2\/media\/20987"}],"wp:attachment":[{"href":"https:\/\/imageskincare.lt\/lt\/wp-json\/wp\/v2\/media?parent=21107"}],"wp:term":[{"taxonomy":"brand","embeddable":true,"href":"https:\/\/imageskincare.lt\/lt\/wp-json\/wp\/v2\/etheme_brands?post=21107"},{"taxonomy":"product_cat","embeddable":true,"href":"https:\/\/imageskincare.lt\/lt\/wp-json\/wp\/v2\/product_cat?post=21107"},{"taxonomy":"product_tag","embeddable":true,"href":"https:\/\/imageskincare.lt\/lt\/wp-json\/wp\/v2\/product_tag?post=21107"}],"curies":[{"name":"wp","href":"https:\/\/api.w.org\/{rel}","templated":true}]}}