{"id":21108,"date":"2023-02-22T12:22:28","date_gmt":"2023-02-22T12:22:28","guid":{"rendered":"https:\/\/imageskincare.lt\/product\/ageless-total-anti-aging-serum-1-7-fl-oz-50-ml\/"},"modified":"2023-04-11T09:44:50","modified_gmt":"2023-04-11T09:44:50","slug":"ageless-total-anti-aging-serum-1-7-fl-oz-50-ml","status":"publish","type":"product","link":"https:\/\/imageskincare.lt\/lt\/produktas\/ageless-total-anti-aging-serum-1-7-fl-oz-50-ml\/","title":{"rendered":"IMAGE Skincare AGELESS Total Sen\u0117jim\u0105 stabdantis serumas 1.7 fl oz (50 mL)"},"content":{"rendered":"<p><strong>Naudojimas:<\/strong> Ryte ir vakare tepkite ant i\u0161valytos odos, \u0161velniai \u012fmasa\u017euokite.<\/p>\n<p><strong>Kaip veikia<\/strong>:<\/p>\n<p>\u2013 Pa\u0161alina daugyb\u0119 odos sen\u0117jimo problem\u0173, \u012fskaitant rauk\u0161les, elastingumo tr\u016bkum\u0105 bei odos sausum\u0105.<\/p>\n<p>\u2013 Trigubas glikolio, pieno ir obuoli\u0173 r\u016bg\u0161\u010di\u0173 mi\u0161inys i\u0161lygina smulkias rauk\u0161leles ir nelygi\u0105 odos tekst\u016br\u0105.<\/p>\n<p>\u2013 Sud\u0117tyje esantis peptidas stangrina odos i\u0161vaizd\u0105.<\/p>\n<p class=\"Normal1\">\u2013 Hialurono r\u016bg\u0161tis padeda i\u0161laikyti dr\u0117gm\u0119 odoje.<\/p>\n","protected":false},"excerpt":{"rendered":"<p>Daugiafunkcis intensyvus serumas \u0161alina sen\u0117jimo ir \u017ealingo aplinkos poveikio sukeltos \u017ealos po\u017eymius. Antioksidacini\u0173 savybi\u0173 turintys augal\u0173 ekstraktai, peptidai ir alfa hidroksi r\u016bg\u0161\u010di\u0173 kompleksas pa\u0161alina papilk\u0117jim\u0105 ir smulkias rauk\u0161leles.<\/p>\n","protected":false},"featured_media":21010,"template":"","meta":[],"etheme_brands":[],"product_cat":[47],"product_tag":[],"_links":{"self":[{"href":"https:\/\/imageskincare.lt\/lt\/wp-json\/wp\/v2\/product\/21108"}],"collection":[{"href":"https:\/\/imageskincare.lt\/lt\/wp-json\/wp\/v2\/product"}],"about":[{"href":"https:\/\/imageskincare.lt\/lt\/wp-json\/wp\/v2\/types\/product"}],"wp:featuredmedia":[{"embeddable":true,"href":"https:\/\/imageskincare.lt\/lt\/wp-json\/wp\/v2\/media\/21010"}],"wp:attachment":[{"href":"https:\/\/imageskincare.lt\/lt\/wp-json\/wp\/v2\/media?parent=21108"}],"wp:term":[{"taxonomy":"brand","embeddable":true,"href":"https:\/\/imageskincare.lt\/lt\/wp-json\/wp\/v2\/etheme_brands?post=21108"},{"taxonomy":"product_cat","embeddable":true,"href":"https:\/\/imageskincare.lt\/lt\/wp-json\/wp\/v2\/product_cat?post=21108"},{"taxonomy":"product_tag","embeddable":true,"href":"https:\/\/imageskincare.lt\/lt\/wp-json\/wp\/v2\/product_tag?post=21108"}],"curies":[{"name":"wp","href":"https:\/\/api.w.org\/{rel}","templated":true}]}}