{"id":21109,"date":"2023-02-22T12:22:06","date_gmt":"2023-02-22T12:22:06","guid":{"rendered":"https:\/\/imageskincare.lt\/product\/ageless-total-eye-lift-creme-5-fl-oz-15-ml\/"},"modified":"2023-04-11T09:46:28","modified_gmt":"2023-04-11T09:46:28","slug":"ageless-total-eye-lift-creme-5-fl-oz-15-ml","status":"publish","type":"product","link":"https:\/\/imageskincare.lt\/lt\/produktas\/ageless-total-eye-lift-creme-5-fl-oz-15-ml\/","title":{"rendered":"IMAGE Skincare AGELESS Total stangrinamasis aki\u0173 kont\u016bro kremas 5 fl oz (15 mL)"},"content":{"rendered":"<p><strong>Naudojimas:<\/strong> Tepkite vakare zonoje aplink akis.<\/p>\n<p><strong>Kaip veikia:<\/strong><\/p>\n<ul>\n<li>Ma\u017eina aki\u0173 paburkim\u0105.<\/li>\n<li>Apsaugo odos l\u0105steles nuo oksidacin\u0117s \u017ealos.<\/li>\n<li>Palaiko kolageno sintez\u0119<\/li>\n<li>Suma\u017eina smulki\u0173 rauk\u0161li\u0173 atsiradim\u0105<\/li>\n<li>Dr\u0117kina ir ramina.<\/li>\n<\/ul>\n","protected":false},"excerpt":{"rendered":"<p>Tikslin\u0117 sud\u0117tis, skirta ma\u017einti sen\u0117jimo po\u017eymius jautrioje zonoje aplink akis. \u0160velnus kompleksas su glikolio r\u016bg\u0161timi atgaivina od\u0105, suma\u017eina rauk\u0161leles ir \u201e\u017e\u0105s\u0173 kojeles\u201c paaki\u0173 zonoje. Peptidai ir antioksidantai padeda i\u0161laikyti lygi\u0105, stangri\u0105 ir patempt\u0105 paaki\u0173 od\u0105.<\/p>\n","protected":false},"featured_media":20976,"template":"","meta":[],"etheme_brands":[],"product_cat":[48],"product_tag":[],"_links":{"self":[{"href":"https:\/\/imageskincare.lt\/lt\/wp-json\/wp\/v2\/product\/21109"}],"collection":[{"href":"https:\/\/imageskincare.lt\/lt\/wp-json\/wp\/v2\/product"}],"about":[{"href":"https:\/\/imageskincare.lt\/lt\/wp-json\/wp\/v2\/types\/product"}],"wp:featuredmedia":[{"embeddable":true,"href":"https:\/\/imageskincare.lt\/lt\/wp-json\/wp\/v2\/media\/20976"}],"wp:attachment":[{"href":"https:\/\/imageskincare.lt\/lt\/wp-json\/wp\/v2\/media?parent=21109"}],"wp:term":[{"taxonomy":"brand","embeddable":true,"href":"https:\/\/imageskincare.lt\/lt\/wp-json\/wp\/v2\/etheme_brands?post=21109"},{"taxonomy":"product_cat","embeddable":true,"href":"https:\/\/imageskincare.lt\/lt\/wp-json\/wp\/v2\/product_cat?post=21109"},{"taxonomy":"product_tag","embeddable":true,"href":"https:\/\/imageskincare.lt\/lt\/wp-json\/wp\/v2\/product_tag?post=21109"}],"curies":[{"name":"wp","href":"https:\/\/api.w.org\/{rel}","templated":true}]}}