{"id":21110,"date":"2023-02-22T12:22:50","date_gmt":"2023-02-22T12:22:50","guid":{"rendered":"https:\/\/imageskincare.lt\/product\/ageless-total-pure-hyaluronic6-filler-1-fl-oz-30ml\/"},"modified":"2023-04-11T09:48:05","modified_gmt":"2023-04-11T09:48:05","slug":"ageless-total-pure-hyaluronic6-filler-1-fl-oz-30ml","status":"publish","type":"product","link":"https:\/\/imageskincare.lt\/lt\/produktas\/ageless-total-pure-hyaluronic6-filler-1-fl-oz-30ml\/","title":{"rendered":"IMAGE Skincare AGELESS Total U\u017epildantis serumas su hyaluronu 1 fl oz (30mL)"},"content":{"rendered":"<p><strong>Naudojimas:<\/strong> Tepkite ant \u0161varios odos ryte ir vakare. Ant vir\u0161aus naudokite bet kur\u012f Image Skin serum\u0105 ar krem\u0105, kad padidinti dr\u0117gm\u0117s lyg\u012f.<\/p>\n","protected":false},"excerpt":{"rendered":"<p>\u0160is koncentruotas, lokaliai naudojamas serumas i\u0161lygina od\u0105 ir u\u017epildo smulkias rauk\u0161les be adat\u0173. \u0160e\u0161i\u0173 form\u0173 ma\u017eos ir didel\u0117s molekulin\u0117s mas\u0117s hialurono r\u016bg\u0161tis greitai i\u0161lygina rauk\u0161les. Nedelsiant ir pastebimai sudr\u0117kina od\u0105, d\u0117l ko ji atrodo akivaizd\u017eiai lygesn\u0117 ir stangresn\u0117. U\u017epildykite smulkias rauk\u0161leles be injekcij\u0173, vos \u0161ios priemon\u0117s pagalba!<\/p>\n","protected":false},"featured_media":21027,"template":"","meta":[],"etheme_brands":[],"product_cat":[44],"product_tag":[],"_links":{"self":[{"href":"https:\/\/imageskincare.lt\/lt\/wp-json\/wp\/v2\/product\/21110"}],"collection":[{"href":"https:\/\/imageskincare.lt\/lt\/wp-json\/wp\/v2\/product"}],"about":[{"href":"https:\/\/imageskincare.lt\/lt\/wp-json\/wp\/v2\/types\/product"}],"wp:featuredmedia":[{"embeddable":true,"href":"https:\/\/imageskincare.lt\/lt\/wp-json\/wp\/v2\/media\/21027"}],"wp:attachment":[{"href":"https:\/\/imageskincare.lt\/lt\/wp-json\/wp\/v2\/media?parent=21110"}],"wp:term":[{"taxonomy":"brand","embeddable":true,"href":"https:\/\/imageskincare.lt\/lt\/wp-json\/wp\/v2\/etheme_brands?post=21110"},{"taxonomy":"product_cat","embeddable":true,"href":"https:\/\/imageskincare.lt\/lt\/wp-json\/wp\/v2\/product_cat?post=21110"},{"taxonomy":"product_tag","embeddable":true,"href":"https:\/\/imageskincare.lt\/lt\/wp-json\/wp\/v2\/product_tag?post=21110"}],"curies":[{"name":"wp","href":"https:\/\/api.w.org\/{rel}","templated":true}]}}