{"id":21111,"date":"2023-02-22T12:22:05","date_gmt":"2023-02-22T12:22:05","guid":{"rendered":"https:\/\/imageskincare.lt\/product\/ageless-total-facial-cleanser-6-fl-oz-177-ml\/"},"modified":"2023-04-11T09:49:35","modified_gmt":"2023-04-11T09:49:35","slug":"ageless-total-facial-cleanser-6-fl-oz-177-ml","status":"publish","type":"product","link":"https:\/\/imageskincare.lt\/lt\/produktas\/ageless-total-facial-cleanser-6-fl-oz-177-ml\/","title":{"rendered":"AGELESS Total Veido prausiklis  6 fl oz (177 mL)"},"content":{"rendered":"<p><strong>Naudojimas: <\/strong>Ryte ir vakare tepkite ant sudr\u0117kintos odos ir masa\u017euokite 1 minut\u0119, nuplaukite drungnu vandeniu.<\/p>\n<p><strong>Kaip veikia: <\/strong><\/p>\n<p>Glikolio pagrindu pagaminta formul\u0117 pa\u0161alina negyvas odos l\u0105steles ir padeda kovoti su u\u017esikim\u0161usiomis poromis. Su gaivinan\u010diu, v\u0117sinan\u010diu mentolio ingredientu pa\u017eadina papilk\u0117jusi\u0105, pavargusi\u0105 od\u0105.<\/p>\n","protected":false},"excerpt":{"rendered":"<p>Jauninamasis prausiklis, kuris pa\u0161alina makia\u017e\u0105 ir \u0161velniai nu\u0161vei\u010dia od\u0105. Glikolio r\u016bg\u0161tis pa\u0161alina negyvos odos l\u0105steles, kurios gali sukelti odos papilk\u0117jim\u0105 ir u\u017ekim\u0161ti poras. Gaivus mentolis kiekvien\u0105 kart\u0105 pa\u017eadina od\u0105.<\/p>\n","protected":false},"featured_media":20952,"template":"","meta":[],"etheme_brands":[],"product_cat":[49],"product_tag":[],"_links":{"self":[{"href":"https:\/\/imageskincare.lt\/lt\/wp-json\/wp\/v2\/product\/21111"}],"collection":[{"href":"https:\/\/imageskincare.lt\/lt\/wp-json\/wp\/v2\/product"}],"about":[{"href":"https:\/\/imageskincare.lt\/lt\/wp-json\/wp\/v2\/types\/product"}],"wp:featuredmedia":[{"embeddable":true,"href":"https:\/\/imageskincare.lt\/lt\/wp-json\/wp\/v2\/media\/20952"}],"wp:attachment":[{"href":"https:\/\/imageskincare.lt\/lt\/wp-json\/wp\/v2\/media?parent=21111"}],"wp:term":[{"taxonomy":"brand","embeddable":true,"href":"https:\/\/imageskincare.lt\/lt\/wp-json\/wp\/v2\/etheme_brands?post=21111"},{"taxonomy":"product_cat","embeddable":true,"href":"https:\/\/imageskincare.lt\/lt\/wp-json\/wp\/v2\/product_cat?post=21111"},{"taxonomy":"product_tag","embeddable":true,"href":"https:\/\/imageskincare.lt\/lt\/wp-json\/wp\/v2\/product_tag?post=21111"}],"curies":[{"name":"wp","href":"https:\/\/api.w.org\/{rel}","templated":true}]}}