{"id":21112,"date":"2023-02-22T12:22:50","date_gmt":"2023-02-22T12:22:50","guid":{"rendered":"https:\/\/imageskincare.lt\/product\/body-spa-rejuvenating-body-lotion-6-oz-170-g\/"},"modified":"2023-04-11T09:51:57","modified_gmt":"2023-04-11T09:51:57","slug":"body-spa-rejuvenating-body-lotion-6-oz-170-g","status":"publish","type":"product","link":"https:\/\/imageskincare.lt\/lt\/produktas\/body-spa-rejuvenating-body-lotion-6-oz-170-g\/","title":{"rendered":"BODY SPA rejuvenating body lotion 6 oz (170 g)"},"content":{"rendered":"<p><strong>Naudojimas: <\/strong>Gausiai i\u0161tepkite vis\u0105 k\u016bn\u0105 ir palikite kelias minutes \u012fsigerti. Naudokite ryte ir vakare arba taip da\u017enai, kaip reikia. NETEPTI ant k\u0105 tik nuskustos odos.<\/p>\n<p>&nbsp;<\/p>\n<p><strong>Profesional\u0173 patarimas:<\/strong> Naudokite kaip kuln\u0173 prie\u017ei\u016bros priemon\u0119 kas vakar\u0105, kad i\u0161lygintum\u0117te ir sudr\u0117kintum\u0117te ypa\u010d sausas, suskilin\u0117jusias p\u0117das.<\/p>\n<p><strong>Kaip veikia:<\/strong><\/p>\n<ul>\n<li>Dr\u0117kina, maitina ir suteikia antioksidacin\u0119 apsaug\u0105<\/li>\n<li>Nu\u0161vei\u010dia saus\u0105, \u0161iurk\u0161\u010di\u0105 od\u0105 ir padeda atsinaujinti odos l\u0105stel\u0117ms<\/li>\n<li>Palaiko odos funkcijas<\/li>\n<\/ul>\n","protected":false},"excerpt":{"rendered":"<p>S\u030cis itin dre\u0307kinantis ku\u0304no losjonas is\u030clygina odos tekstu\u0304ra\u0328 ir suteikia sausai, pavargusiai odai s\u030cvyte\u0307jimo. Sude\u0307tyje yra retinolio, peptidu\u0328 ir glikolio ru\u0304gs\u030cties kompleksas, kuris atjaunina ir is\u030clygina s\u030ciurks\u030cc\u030cias zonas, tokias kaip alku\u0304ne\u0307s, keliai ir pe\u0307dos. Makadamijos se\u0307klu\u0328 aliejus kovoja su sausumu ir greitai i\u0328sigeria i\u0328 oda\u0328. Vitaminas C suteikia antioksidaciniu\u0328 ir s\u030cviesinanc\u030ciu\u0328 savybiu\u0328<\/p>\n","protected":false},"featured_media":21025,"template":"","meta":[],"etheme_brands":[],"product_cat":[50],"product_tag":[],"_links":{"self":[{"href":"https:\/\/imageskincare.lt\/lt\/wp-json\/wp\/v2\/product\/21112"}],"collection":[{"href":"https:\/\/imageskincare.lt\/lt\/wp-json\/wp\/v2\/product"}],"about":[{"href":"https:\/\/imageskincare.lt\/lt\/wp-json\/wp\/v2\/types\/product"}],"wp:featuredmedia":[{"embeddable":true,"href":"https:\/\/imageskincare.lt\/lt\/wp-json\/wp\/v2\/media\/21025"}],"wp:attachment":[{"href":"https:\/\/imageskincare.lt\/lt\/wp-json\/wp\/v2\/media?parent=21112"}],"wp:term":[{"taxonomy":"brand","embeddable":true,"href":"https:\/\/imageskincare.lt\/lt\/wp-json\/wp\/v2\/etheme_brands?post=21112"},{"taxonomy":"product_cat","embeddable":true,"href":"https:\/\/imageskincare.lt\/lt\/wp-json\/wp\/v2\/product_cat?post=21112"},{"taxonomy":"product_tag","embeddable":true,"href":"https:\/\/imageskincare.lt\/lt\/wp-json\/wp\/v2\/product_tag?post=21112"}],"curies":[{"name":"wp","href":"https:\/\/api.w.org\/{rel}","templated":true}]}}