{"id":21114,"date":"2023-02-22T12:22:49","date_gmt":"2023-02-22T12:22:49","guid":{"rendered":"https:\/\/imageskincare.lt\/product\/body-spa-exfoliating-body-scrub-4-oz-113-4-g\/"},"modified":"2023-04-11T09:53:00","modified_gmt":"2023-04-11T09:53:00","slug":"body-spa-exfoliating-body-scrub-4-oz-113-4-g","status":"publish","type":"product","link":"https:\/\/imageskincare.lt\/lt\/produktas\/body-spa-exfoliating-body-scrub-4-oz-113-4-g\/","title":{"rendered":"BODY SPA K\u016bno \u0161veitiklis 4 oz (113.4 g)"},"content":{"rendered":"<p><strong>Naudojimas: <\/strong>\u0160variomis rankomis paskirstykite nedidel\u012f \u0161veitiklio kiek\u012f toje k\u016bno vietoje, kuri\u0105 norite nu\u0161veisti (\u0161veitiklis puikiai tinka naudoti ant viso k\u016bno pavir\u0161iaus). \u012emasa\u017euokite \u0161veitikl\u012f ant dr\u0117gnos odos ir leiskite jam \u012fsigerti \u012f od\u0105 apie 1min. Nuplaukite \u0161veitikl\u012f nuo odos v\u0117siu vandeniu. Nor\u0117dami pasiekti geriausi\u0173 rezultat\u0173, \u0161\u012f \u0161veitikl\u012f galite naudoti kasdien.<\/p>\n<p>Kaip veikia:<\/p>\n<ul>\n<li>Pa\u0161alina negyvas odos l\u0105steles<\/li>\n<li>Suteikia odai \u0161velnumo ir glotnumo<\/li>\n<li>Dr\u0117kinantis ir antioksiduojantis<\/li>\n<\/ul>\n","protected":false},"excerpt":{"rendered":"<p>S\u030cis dvejopo poveikio ku\u0304no s\u030cveitiklis efektyviai nus\u030cveic\u030cia, atgaivina papilke\u0307jusia\u0328, sausa\u0328 ir pleiskanojanc\u030cia\u0328 oda\u0328. Ananaso ir papajos vaisiu\u0328 fermentai derinami su alfa hidroksi ru\u0304gs\u030cc\u030ciu\u0328 kompleksu, siekiant pas\u030calinti negyvas odos pavirs\u030ciaus la\u0328steles, o graikiniu\u0328 ries\u030cutu\u0328 luks\u030ctai nuglotnina oda\u0328. Maitinantys vynuogiu\u0328 se\u0307klu\u0328 antioksidantai ir dre\u0307kinanc\u030cios granule\u0307s kovoja su sausumu. S\u030ci sude\u0307tis paruos\u030cia oda\u0328 ku\u0304no procedu\u0304roms ir dre\u0307kinamosioms priemone\u0307ms.<\/p>\n","protected":false},"featured_media":21022,"template":"","meta":[],"etheme_brands":[],"product_cat":[50],"product_tag":[],"_links":{"self":[{"href":"https:\/\/imageskincare.lt\/lt\/wp-json\/wp\/v2\/product\/21114"}],"collection":[{"href":"https:\/\/imageskincare.lt\/lt\/wp-json\/wp\/v2\/product"}],"about":[{"href":"https:\/\/imageskincare.lt\/lt\/wp-json\/wp\/v2\/types\/product"}],"wp:featuredmedia":[{"embeddable":true,"href":"https:\/\/imageskincare.lt\/lt\/wp-json\/wp\/v2\/media\/21022"}],"wp:attachment":[{"href":"https:\/\/imageskincare.lt\/lt\/wp-json\/wp\/v2\/media?parent=21114"}],"wp:term":[{"taxonomy":"brand","embeddable":true,"href":"https:\/\/imageskincare.lt\/lt\/wp-json\/wp\/v2\/etheme_brands?post=21114"},{"taxonomy":"product_cat","embeddable":true,"href":"https:\/\/imageskincare.lt\/lt\/wp-json\/wp\/v2\/product_cat?post=21114"},{"taxonomy":"product_tag","embeddable":true,"href":"https:\/\/imageskincare.lt\/lt\/wp-json\/wp\/v2\/product_tag?post=21114"}],"curies":[{"name":"wp","href":"https:\/\/api.w.org\/{rel}","templated":true}]}}