{"id":21115,"date":"2023-02-22T12:22:50","date_gmt":"2023-02-22T12:22:50","guid":{"rendered":"https:\/\/imageskincare.lt\/product\/body-spa-cell-u-lift-firming-body-creme-5-oz-142-g\/"},"modified":"2023-04-11T09:54:13","modified_gmt":"2023-04-11T09:54:13","slug":"body-spa-cell-u-lift-firming-body-creme-5-oz-142-g","status":"publish","type":"product","link":"https:\/\/imageskincare.lt\/lt\/produktas\/body-spa-cell-u-lift-firming-body-creme-5-oz-142-g\/","title":{"rendered":"BODY SPA Stangrinamasis k\u016bno kremas  5 oz (142 g)"},"content":{"rendered":"<p><strong>Naudojimas:<\/strong> Tepkite ir masa\u017euokite ryte ir vakare ant kruop\u0161\u010diai nuvalytos ir nu\u0161veitos odos.<\/p>\n<p>&nbsp;<\/p>\n<p><strong>Profesional\u0173 patarimas:<\/strong> Naudokite kaip k\u016bno prie\u017ei\u016bros priemon\u0119, kad gal\u0117tum\u0117te stangrinti od\u0105 arba derinkite su lazeriu, CoolSculpting ar radijo da\u017enio proced\u016bromis, kad pasiektum\u0117te geresni\u0173 rezultat\u0173.<\/p>\n<p>&nbsp;<\/p>\n<p><strong>Kaip veikia:<\/strong><\/p>\n<ul>\n<li>Vizualiai suma\u017eina celiulit\u0105<\/li>\n<li>Stagrina od\u0105<\/li>\n<li>Dr\u0117kina ir pagerina odos kokyb\u0119<\/li>\n<\/ul>\n<p><strong>Klini\u0161kai \u012frodyta: <\/strong><\/p>\n<ul>\n<li>Vizualiai suma\u017eina celiulit\u0105<\/li>\n<\/ul>\n","protected":false},"excerpt":{"rendered":"<p>S\u030cis dre\u0307kinamasis ku\u0304no kremas, padedantis sumaz\u030cinti matoma\u0328 celiulita\u0328 ir odos nelygumus, praturtintas efektyviai veikianc\u030ciais ingredientais, kurie glotnina oda\u0328. Tikslinis kompleksas sumaz\u030cina lokalizuotu\u0328 riebalu\u0328 atsiradima\u0328, o kinroz\u030ce\u0307s z\u030ciedu\u0328 ekstraktas padeda akivaizdz\u030ciai stangrinti ir tonizuoti oda\u0328. Unikalus fermentu\u0328 polipeptidu\u0328 kompleksas padeda is\u030clyginti sausa\u0328, s\u030ciurks\u030cc\u030cia\u0328 oda\u0328 ir palaiko s\u030cveic\u030ciama\u0328ji\u0328 glikolio ru\u0304gs\u030cties poveiki\u0328.<\/p>\n","protected":false},"featured_media":21024,"template":"","meta":[],"etheme_brands":[],"product_cat":[50],"product_tag":[],"_links":{"self":[{"href":"https:\/\/imageskincare.lt\/lt\/wp-json\/wp\/v2\/product\/21115"}],"collection":[{"href":"https:\/\/imageskincare.lt\/lt\/wp-json\/wp\/v2\/product"}],"about":[{"href":"https:\/\/imageskincare.lt\/lt\/wp-json\/wp\/v2\/types\/product"}],"wp:featuredmedia":[{"embeddable":true,"href":"https:\/\/imageskincare.lt\/lt\/wp-json\/wp\/v2\/media\/21024"}],"wp:attachment":[{"href":"https:\/\/imageskincare.lt\/lt\/wp-json\/wp\/v2\/media?parent=21115"}],"wp:term":[{"taxonomy":"brand","embeddable":true,"href":"https:\/\/imageskincare.lt\/lt\/wp-json\/wp\/v2\/etheme_brands?post=21115"},{"taxonomy":"product_cat","embeddable":true,"href":"https:\/\/imageskincare.lt\/lt\/wp-json\/wp\/v2\/product_cat?post=21115"},{"taxonomy":"product_tag","embeddable":true,"href":"https:\/\/imageskincare.lt\/lt\/wp-json\/wp\/v2\/product_tag?post=21115"}],"curies":[{"name":"wp","href":"https:\/\/api.w.org\/{rel}","templated":true}]}}