{"id":21117,"date":"2023-02-22T12:22:07","date_gmt":"2023-02-22T12:22:07","guid":{"rendered":"https:\/\/imageskincare.lt\/product\/i-mask-hydrating-hydrogel-sheet-mask-5-pack-5-masks-0-6oz-17g-x-5\/"},"modified":"2023-04-11T09:56:53","modified_gmt":"2023-04-11T09:56:53","slug":"i-mask-hydrating-hydrogel-sheet-mask-5-pack-5-masks-0-6oz-17g-x-5","status":"publish","type":"product","link":"https:\/\/imageskincare.lt\/lt\/produktas\/i-mask-hydrating-hydrogel-sheet-mask-5-pack-5-masks-0-6oz-17g-x-5\/","title":{"rendered":"I MASK Dr\u0117kinamoji lak\u0161tin\u0117 hidrogelio kauk\u0117 5 vnt 0.6oz (17g x 5)"},"content":{"rendered":"<p><strong>Naudojimas:<\/strong> I\u0161skleiskite ir u\u017ed\u0117kite kauk\u0119 pilka gelio puse \u017eemyn ant nuvalytos odos. Laikykite vir\u0161utine kauk\u0117s dal\u012f ir nuimkite balt\u0105 audin\u012f, palikdami kauk\u0119 vietoje. Jei reikia, i\u0161lyginkite kauk\u0119 pir\u0161tais. Palikite 5-10 minu\u010di\u0173, tada i\u0161meskite. Likusi\u0105 esencij\u0105 \u012fmasa\u017euokite \u012f od\u0105.<\/p>\n","protected":false},"excerpt":{"rendered":"<p>\u0160i raminamoji lak\u0161tin\u0117 kauk\u0117 akimirksniu dr\u0117kina od\u0105 bei atgaivina j\u0105 bet kuriuo metu, kai oda jau\u010diasi sausa, papilk\u0117jusi ar i\u0161sekusi. Galingas hialurono r\u016bg\u0161ties, alavijo ir antioksidant\u0173 kompleksas suteikia odai skaistumo ir \u0161vyt\u0117jimo.<\/p>\n","protected":false},"featured_media":20991,"template":"","meta":[],"etheme_brands":[],"product_cat":[46],"product_tag":[],"_links":{"self":[{"href":"https:\/\/imageskincare.lt\/lt\/wp-json\/wp\/v2\/product\/21117"}],"collection":[{"href":"https:\/\/imageskincare.lt\/lt\/wp-json\/wp\/v2\/product"}],"about":[{"href":"https:\/\/imageskincare.lt\/lt\/wp-json\/wp\/v2\/types\/product"}],"wp:featuredmedia":[{"embeddable":true,"href":"https:\/\/imageskincare.lt\/lt\/wp-json\/wp\/v2\/media\/20991"}],"wp:attachment":[{"href":"https:\/\/imageskincare.lt\/lt\/wp-json\/wp\/v2\/media?parent=21117"}],"wp:term":[{"taxonomy":"brand","embeddable":true,"href":"https:\/\/imageskincare.lt\/lt\/wp-json\/wp\/v2\/etheme_brands?post=21117"},{"taxonomy":"product_cat","embeddable":true,"href":"https:\/\/imageskincare.lt\/lt\/wp-json\/wp\/v2\/product_cat?post=21117"},{"taxonomy":"product_tag","embeddable":true,"href":"https:\/\/imageskincare.lt\/lt\/wp-json\/wp\/v2\/product_tag?post=21117"}],"curies":[{"name":"wp","href":"https:\/\/api.w.org\/{rel}","templated":true}]}}