{"id":21118,"date":"2023-02-22T12:23:30","date_gmt":"2023-02-22T12:23:30","guid":{"rendered":"https:\/\/imageskincare.lt\/product\/i-mask-firming-transformation-mask-2oz-57g\/"},"modified":"2023-04-11T09:58:02","modified_gmt":"2023-04-11T09:58:02","slug":"i-mask-firming-transformation-mask-2oz-57g","status":"publish","type":"product","link":"https:\/\/imageskincare.lt\/lt\/produktas\/i-mask-firming-transformation-mask-2oz-57g\/","title":{"rendered":"I MASK Stangrinamoji veido kauk\u0117  2oz \/ 57g"},"content":{"rendered":"<p><strong>Naudojimas:<\/strong> Plonu sluoksniu u\u017etepkite kauk\u0119 ant i\u0161valytos odos, palikite 5 \u2013 15 minu\u010di\u0173, kol i\u0161d\u017eius. Sudr\u0117kinkite pir\u0161t\u0173 galiukus ir masa\u017euokite 1 minut\u0119. Nuplaukite \u0161iltu vandeniu. Naudokite 3 \u2013 5 kartus per savait\u0119.<\/p>\n","protected":false},"excerpt":{"rendered":"<p>Prabangi kauk\u0117 stres\u0105 patirian\u010diai ir pavargusiai odai suteikia i\u0161skirtin\u012f dr\u0117kinim\u0105, stangrum\u0105 ir atgaivina od\u0105. Simondsij\u0173 granul\u0117s \u0161velniai nu\u0161vei\u010dia papilk\u0117jusi\u0105 od\u0105, o siauralap\u0117s vynge\u017eos augalo ekstraktas palaiko ger\u0105 odos savijaut\u0105, padeda kovoti su stres\u0105 sukelian\u010diais veiksniais, kad oda i\u0161likt\u0173 jaunatvi\u0161ka ir sveikai atrodanti.<\/p>\n","protected":false},"featured_media":21082,"template":"","meta":[],"etheme_brands":[],"product_cat":[46],"product_tag":[],"_links":{"self":[{"href":"https:\/\/imageskincare.lt\/lt\/wp-json\/wp\/v2\/product\/21118"}],"collection":[{"href":"https:\/\/imageskincare.lt\/lt\/wp-json\/wp\/v2\/product"}],"about":[{"href":"https:\/\/imageskincare.lt\/lt\/wp-json\/wp\/v2\/types\/product"}],"wp:featuredmedia":[{"embeddable":true,"href":"https:\/\/imageskincare.lt\/lt\/wp-json\/wp\/v2\/media\/21082"}],"wp:attachment":[{"href":"https:\/\/imageskincare.lt\/lt\/wp-json\/wp\/v2\/media?parent=21118"}],"wp:term":[{"taxonomy":"brand","embeddable":true,"href":"https:\/\/imageskincare.lt\/lt\/wp-json\/wp\/v2\/etheme_brands?post=21118"},{"taxonomy":"product_cat","embeddable":true,"href":"https:\/\/imageskincare.lt\/lt\/wp-json\/wp\/v2\/product_cat?post=21118"},{"taxonomy":"product_tag","embeddable":true,"href":"https:\/\/imageskincare.lt\/lt\/wp-json\/wp\/v2\/product_tag?post=21118"}],"curies":[{"name":"wp","href":"https:\/\/api.w.org\/{rel}","templated":true}]}}