{"id":21120,"date":"2023-02-22T12:23:30","date_gmt":"2023-02-22T12:23:30","guid":{"rendered":"https:\/\/imageskincare.lt\/product\/i-mask-purifying-probiotic-mask-2oz-57g\/"},"modified":"2023-04-11T09:59:22","modified_gmt":"2023-04-11T09:59:22","slug":"i-mask-purifying-probiotic-mask-2oz-57g","status":"publish","type":"product","link":"https:\/\/imageskincare.lt\/lt\/produktas\/i-mask-purifying-probiotic-mask-2oz-57g\/","title":{"rendered":"I MASK Valomoji kauk\u0117 su probiotikais  2oz \/ 57g"},"content":{"rendered":"<p><strong>Naudojimas:<\/strong> Storu sluoksiniu u\u017etepkite kauk\u0119 ant i\u0161valytos odos ir palikite 10 \u2013 20 minu\u010di\u0173. Nuplaukite \u0161iltu vandeniu. Naudokite 3 \u2013 5 kartus per savait\u0119.<\/p>\n","protected":false},"excerpt":{"rendered":"<p>Stiprinanti \u017ealia kauk\u0117 yra papildyta vitaminais ir mineralais, siekiant i\u0161vengti odos papilk\u0117jimo, nuovargio ir aplinkos \u017ealos po\u017eymi\u0173. Turtingi antioksidant\u0173 vaisiai ir jogurto pagrindu pagaminti probiotikai palaiko nat\u016brali\u0105 odos flor\u0105 ir u\u017etikrina optimali\u0105 pusiausvyr\u0105. Brazili\u0161kas \u017ealiasis molis ir aktyvuota anglis valo poras, tod\u0117l oda tampa \u0161vari, lygi ir atgaivinta.<\/p>\n","protected":false},"featured_media":21079,"template":"","meta":[],"etheme_brands":[],"product_cat":[46],"product_tag":[],"_links":{"self":[{"href":"https:\/\/imageskincare.lt\/lt\/wp-json\/wp\/v2\/product\/21120"}],"collection":[{"href":"https:\/\/imageskincare.lt\/lt\/wp-json\/wp\/v2\/product"}],"about":[{"href":"https:\/\/imageskincare.lt\/lt\/wp-json\/wp\/v2\/types\/product"}],"wp:featuredmedia":[{"embeddable":true,"href":"https:\/\/imageskincare.lt\/lt\/wp-json\/wp\/v2\/media\/21079"}],"wp:attachment":[{"href":"https:\/\/imageskincare.lt\/lt\/wp-json\/wp\/v2\/media?parent=21120"}],"wp:term":[{"taxonomy":"brand","embeddable":true,"href":"https:\/\/imageskincare.lt\/lt\/wp-json\/wp\/v2\/etheme_brands?post=21120"},{"taxonomy":"product_cat","embeddable":true,"href":"https:\/\/imageskincare.lt\/lt\/wp-json\/wp\/v2\/product_cat?post=21120"},{"taxonomy":"product_tag","embeddable":true,"href":"https:\/\/imageskincare.lt\/lt\/wp-json\/wp\/v2\/product_tag?post=21120"}],"curies":[{"name":"wp","href":"https:\/\/api.w.org\/{rel}","templated":true}]}}