{"id":21122,"date":"2023-02-22T12:22:07","date_gmt":"2023-02-22T12:22:07","guid":{"rendered":"https:\/\/imageskincare.lt\/product\/iluma-intense-brightening-creme-1-7-oz-48-g\/"},"modified":"2023-04-11T10:02:15","modified_gmt":"2023-04-11T10:02:15","slug":"iluma-intense-brightening-creme-1-7-oz-48-g","status":"publish","type":"product","link":"https:\/\/imageskincare.lt\/lt\/produktas\/iluma-intense-brightening-creme-1-7-oz-48-g\/","title":{"rendered":"ILUMA \u0160viesinamasis kremas  1.7 oz (48 g)"},"content":{"rendered":"<p><strong>DETAILS<\/strong><\/p>\n<p>This cr\u00e8me contains an exclusive brightening complex to illuminate and bring balance to uneven skin. It helps to fade the appearance of age spots and hyperpigmentation to give skin a more even, radiant tone. Vectorize Technology\u2122\u00a0time-releases powerful brightening agents for up to 48 hours to provide an intensive, long-term brightening effect.<\/p>\n<p>Physician formulated for:<\/p>\n<ul>\n<li>Uneven skin tone<\/li>\n<li>Dark spots and discoloration<\/li>\n<li>Age spots<\/li>\n<\/ul>\n","protected":false},"excerpt":{"rendered":"<p>\u0160is skaistinantis kremas subalansuoja od\u0105 ir suteikia jai skaistumo. Galingi augaliniai \u0161viesinantys ingredientai padeda suma\u017einti nuo am\u017eiaus atsirandan\u010dias d\u0117mes, randus ir pigmentacij\u0105, skatina odos \u0161vyt\u0117jim\u0105. Su melaninu kovojantys peptidai padeda i\u0161lyginti odos spalv\u0105.<\/p>\n<p><strong>Naudojimas: <\/strong>vakare gausiai tepkite krem\u0105 ant \u0161varios odos.<\/p>\n","protected":false},"featured_media":20993,"template":"","meta":[],"etheme_brands":[],"product_cat":[45],"product_tag":[],"_links":{"self":[{"href":"https:\/\/imageskincare.lt\/lt\/wp-json\/wp\/v2\/product\/21122"}],"collection":[{"href":"https:\/\/imageskincare.lt\/lt\/wp-json\/wp\/v2\/product"}],"about":[{"href":"https:\/\/imageskincare.lt\/lt\/wp-json\/wp\/v2\/types\/product"}],"wp:featuredmedia":[{"embeddable":true,"href":"https:\/\/imageskincare.lt\/lt\/wp-json\/wp\/v2\/media\/20993"}],"wp:attachment":[{"href":"https:\/\/imageskincare.lt\/lt\/wp-json\/wp\/v2\/media?parent=21122"}],"wp:term":[{"taxonomy":"brand","embeddable":true,"href":"https:\/\/imageskincare.lt\/lt\/wp-json\/wp\/v2\/etheme_brands?post=21122"},{"taxonomy":"product_cat","embeddable":true,"href":"https:\/\/imageskincare.lt\/lt\/wp-json\/wp\/v2\/product_cat?post=21122"},{"taxonomy":"product_tag","embeddable":true,"href":"https:\/\/imageskincare.lt\/lt\/wp-json\/wp\/v2\/product_tag?post=21122"}],"curies":[{"name":"wp","href":"https:\/\/api.w.org\/{rel}","templated":true}]}}