{"id":21123,"date":"2023-02-22T12:22:28","date_gmt":"2023-02-22T12:22:28","guid":{"rendered":"https:\/\/imageskincare.lt\/product\/iluma-intense-lightening-body-lotion-with-vt-6-oz-170-g\/"},"modified":"2023-04-11T10:03:41","modified_gmt":"2023-04-11T10:03:41","slug":"iluma-intense-lightening-body-lotion-with-vt-6-oz-170-g","status":"publish","type":"product","link":"https:\/\/imageskincare.lt\/lt\/produktas\/iluma-intense-lightening-body-lotion-with-vt-6-oz-170-g\/","title":{"rendered":"ILUMA \u0160viesinamasis k\u016bno losjonas  6 oz (170 g)"},"content":{"rendered":"<p data-canvas-width=\"95.93837354408865\"><strong>DETAILS<\/strong><\/p>\n<p data-canvas-width=\"95.93837354408865\">lLUMA Intense Body Lotion offers a powerful solution for areas of discoloration and age spots that develop on the body due to sun exposure and aging. It contains hydrating botanical oils that drench skin with moisture, along with potent brightening agents that time-release deep into the dermis to unveil more radiant, even-toned skin from the neck down.<\/p>\n<p data-canvas-width=\"174.770969509416\">Physician formulated for:<\/p>\n<ul>\n<li>Skin discoloration and uneven skin tone<\/li>\n<li>Darkened areas of skin<\/li>\n<li>Age spots<\/li>\n<\/ul>\n","protected":false},"excerpt":{"rendered":"<p>S\u030cis ypatingai dre\u0307kinantis losjonas maitina sausa\u0328 oda\u0328, is\u030clygina odos spalva\u0328, pas\u030calina pigmentines ir de\u0307l amz\u030ciaus atsiradusias de\u0307mes ant ku\u0304no. Sodru\u0304s augaliniai aliejai, tokie kaip s\u030caltalankio, dre\u0307kina oda\u0328. S\u030cviesinantys peptidai uz\u030ctikrina glotnia\u0328 bei spindinc\u030cia\u0328 oda\u0328 ir is\u030clygina odos tona\u0328 nuo kaklo iki pe\u0307du\u0328.<\/p>\n<p><strong>Naudojimas: <\/strong>Gausiai tepkite ant nuvalytos ir nu\u0161veistos odos kasdien.<\/p>\n<p><strong>K<\/strong><strong>aip veikia:<\/strong><\/p>\n<ul>\n<li>Transports spheres of proprietary active ingredients deep into the skin<\/li>\n<li>I\u0161lygina odos spalv\u0105, pa\u0161alina tamsias odos d\u0117mes<\/li>\n<li>Dr\u0117kina ir lygin\u0105 odos tekst\u016br\u0105<\/li>\n<li>Mink\u0161tina od\u0105<\/li>\n<\/ul>\n","protected":false},"featured_media":21020,"template":"","meta":[],"etheme_brands":[],"product_cat":[50],"product_tag":[],"_links":{"self":[{"href":"https:\/\/imageskincare.lt\/lt\/wp-json\/wp\/v2\/product\/21123"}],"collection":[{"href":"https:\/\/imageskincare.lt\/lt\/wp-json\/wp\/v2\/product"}],"about":[{"href":"https:\/\/imageskincare.lt\/lt\/wp-json\/wp\/v2\/types\/product"}],"wp:featuredmedia":[{"embeddable":true,"href":"https:\/\/imageskincare.lt\/lt\/wp-json\/wp\/v2\/media\/21020"}],"wp:attachment":[{"href":"https:\/\/imageskincare.lt\/lt\/wp-json\/wp\/v2\/media?parent=21123"}],"wp:term":[{"taxonomy":"brand","embeddable":true,"href":"https:\/\/imageskincare.lt\/lt\/wp-json\/wp\/v2\/etheme_brands?post=21123"},{"taxonomy":"product_cat","embeddable":true,"href":"https:\/\/imageskincare.lt\/lt\/wp-json\/wp\/v2\/product_cat?post=21123"},{"taxonomy":"product_tag","embeddable":true,"href":"https:\/\/imageskincare.lt\/lt\/wp-json\/wp\/v2\/product_tag?post=21123"}],"curies":[{"name":"wp","href":"https:\/\/api.w.org\/{rel}","templated":true}]}}