{"id":21124,"date":"2023-02-22T12:22:06","date_gmt":"2023-02-22T12:22:06","guid":{"rendered":"https:\/\/imageskincare.lt\/product\/iluma-intense-brightening-eye-creme-15-ml\/"},"modified":"2023-04-11T10:05:45","modified_gmt":"2023-04-11T10:05:45","slug":"iluma-intense-brightening-eye-creme-15-ml","status":"publish","type":"product","link":"https:\/\/imageskincare.lt\/lt\/produktas\/iluma-intense-brightening-eye-creme-15-ml\/","title":{"rendered":"ILUMA \u0160viesinamasis paaki\u0173 kremas (15 mL)"},"content":{"rendered":"<p data-canvas-width=\"385.6882003757571\"><strong>DETAILS<\/strong><\/p>\n<p data-canvas-width=\"385.6882003757571\">A super-hydrating and brightening eye cr\u00e8me that works aggressively to break up discoloration under the eyes. A blend of phytonutrients, peptides and botanical brightening agents help to reduce visible signs of aging like dark circles, wrinkles, puffiness and lax skin to restore a firmer, vibrant and more youthful appearance tothe eyes.<\/p>\n<p data-canvas-width=\"174.7709700840639\">Physician formulated for:<\/p>\n<ul>\n<li>Dark circles<\/li>\n<li>Loss of radiance<\/li>\n<li>Puffiness<\/li>\n<li>Skin laxity<\/li>\n<li>Signs of aging in the eye area<\/li>\n<\/ul>\n","protected":false},"excerpt":{"rendered":"<p>Ma\u017eina spalvos pakitimus. Papildytas peptidais, kovojan\u010diais su tamsiais ratilais, gr\u0105\u017eina gle\u017enai paaki\u0173 zonai jaunyst\u0119 ir \u0161vyt\u0117jim\u0105. Patentuotos peptid\u0173 technologijos palaiko odos skaistum\u0105 ir i\u0161lygina jos ton\u0105. Hialurono r\u016bg\u0161tis dr\u0117kina ir palaiko paaki\u0173 odos jaunyst\u0119.<\/p>\n<p><strong>Naudojimas: <\/strong>ryte ir vakare pir\u0161t\u0173 galiukais tepkite krem\u0105 ant vir\u0161utinio ir apatinio voko.<\/p>\n<p><strong>K<\/strong><strong>aip veikia<\/strong>:<\/p>\n<ul>\n<li>Perne\u0161a aktyviuosius ingredientus gyliai \u012f odos sluoksn\u012f<\/li>\n<li>Suma\u017eina odos spalvos pasikeitimus ir tamsius paakius<\/li>\n<li>Suma\u017eina rauk\u0161les ir smulkias linijas<\/li>\n<li>Atjaunina ir skaistina od\u0105<\/li>\n<li>Dr\u0117kina od\u0105<\/li>\n<\/ul>\n<p><strong>Klini\u0161kai \u012frodyta:<\/strong><\/p>\n<ul>\n<li>Skaistina od\u0105<\/li>\n<li>Suma\u017eina smulki\u0173 linij\u0173 bei rauk\u0161li\u0173 atsiradim\u0105<\/li>\n<li>Suma\u017eina tamsius paakius<\/li>\n<\/ul>\n","protected":false},"featured_media":20966,"template":"","meta":[],"etheme_brands":[],"product_cat":[48],"product_tag":[],"_links":{"self":[{"href":"https:\/\/imageskincare.lt\/lt\/wp-json\/wp\/v2\/product\/21124"}],"collection":[{"href":"https:\/\/imageskincare.lt\/lt\/wp-json\/wp\/v2\/product"}],"about":[{"href":"https:\/\/imageskincare.lt\/lt\/wp-json\/wp\/v2\/types\/product"}],"wp:featuredmedia":[{"embeddable":true,"href":"https:\/\/imageskincare.lt\/lt\/wp-json\/wp\/v2\/media\/20966"}],"wp:attachment":[{"href":"https:\/\/imageskincare.lt\/lt\/wp-json\/wp\/v2\/media?parent=21124"}],"wp:term":[{"taxonomy":"brand","embeddable":true,"href":"https:\/\/imageskincare.lt\/lt\/wp-json\/wp\/v2\/etheme_brands?post=21124"},{"taxonomy":"product_cat","embeddable":true,"href":"https:\/\/imageskincare.lt\/lt\/wp-json\/wp\/v2\/product_cat?post=21124"},{"taxonomy":"product_tag","embeddable":true,"href":"https:\/\/imageskincare.lt\/lt\/wp-json\/wp\/v2\/product_tag?post=21124"}],"curies":[{"name":"wp","href":"https:\/\/api.w.org\/{rel}","templated":true}]}}