{"id":21125,"date":"2023-02-22T12:22:06","date_gmt":"2023-02-22T12:22:06","guid":{"rendered":"https:\/\/imageskincare.lt\/product\/iluma-intense-brightening-exfoilating-cleanser-4-oz-118-ml\/"},"modified":"2023-04-11T10:06:42","modified_gmt":"2023-04-11T10:06:42","slug":"iluma-intense-brightening-exfoilating-cleanser-4-oz-118-ml","status":"publish","type":"product","link":"https:\/\/imageskincare.lt\/lt\/produktas\/iluma-intense-brightening-exfoilating-cleanser-4-oz-118-ml\/","title":{"rendered":"ILUMA intense brightening exfoilating cleanser 4 oz (118 mL)"},"content":{"rendered":"<p data-canvas-width=\"256.61676452847433\"><strong>DETAILS<\/strong><\/p>\n<p data-canvas-width=\"256.61676452847433\">This sulfate-free daily cleanser starts as a gel and then turns to a milky consistency as it washes away surface impurities and brightens the skin. Powered by ingredients that actively work to fade the appearance of discoloration, it balances redness and produces a more even-toned complexion. Helps prepare the skin prior to treatment with ILUMA Collection products.<\/p>\n<p data-canvas-width=\"129.02799417379197\">Physician formulated for:<\/p>\n<ul>\n<li>All skin types<\/li>\n<li>Uneven skin tone<\/li>\n<li>Dark spots and discoloration<\/li>\n<\/ul>\n","protected":false},"excerpt":{"rendered":"<p>Sud\u0117tyje turintis nat\u016bralaus gluosnio \u017eiev\u0117s ekstrakto, \u0161is gelis be sulfat\u0173 virsta mink\u0161tu valomuoju pieneliu, nuplauna odos pavir\u0161iaus ne\u0161varumus ir skaistina papilk\u0117jusi\u0105 od\u0105.<\/p>\n<p><strong>Naudojimas:<\/strong> Ryte ir vakare sudr\u0117kintomis rankomis paskirstikit prausikl\u012f ant veido ir kaklo. Masa\u017euokite 1 minut\u0119, po to nuplaukite \u0161iltu vandeniu.<\/p>\n<p><strong>Kaip veikia<\/strong>:<\/p>\n<p>Vieno \u017eingsnio \u0161viesinantis prausiklis + \u0161veitiklis su gaivinan\u010diais pelargonij\u0173 ir apelsin\u0173 aliejais.<\/p>\n<p><strong>Kam skirtas: <\/strong>vis\u0173 tip\u0173 odai, ypa\u010d turintiems nevienod\u0105 odos atspalv\u012f.<\/p>\n","protected":false},"featured_media":20960,"template":"","meta":[],"etheme_brands":[],"product_cat":[49],"product_tag":[],"_links":{"self":[{"href":"https:\/\/imageskincare.lt\/lt\/wp-json\/wp\/v2\/product\/21125"}],"collection":[{"href":"https:\/\/imageskincare.lt\/lt\/wp-json\/wp\/v2\/product"}],"about":[{"href":"https:\/\/imageskincare.lt\/lt\/wp-json\/wp\/v2\/types\/product"}],"wp:featuredmedia":[{"embeddable":true,"href":"https:\/\/imageskincare.lt\/lt\/wp-json\/wp\/v2\/media\/20960"}],"wp:attachment":[{"href":"https:\/\/imageskincare.lt\/lt\/wp-json\/wp\/v2\/media?parent=21125"}],"wp:term":[{"taxonomy":"brand","embeddable":true,"href":"https:\/\/imageskincare.lt\/lt\/wp-json\/wp\/v2\/etheme_brands?post=21125"},{"taxonomy":"product_cat","embeddable":true,"href":"https:\/\/imageskincare.lt\/lt\/wp-json\/wp\/v2\/product_cat?post=21125"},{"taxonomy":"product_tag","embeddable":true,"href":"https:\/\/imageskincare.lt\/lt\/wp-json\/wp\/v2\/product_tag?post=21125"}],"curies":[{"name":"wp","href":"https:\/\/api.w.org\/{rel}","templated":true}]}}