{"id":21126,"date":"2023-02-22T12:22:28","date_gmt":"2023-02-22T12:22:28","guid":{"rendered":"https:\/\/imageskincare.lt\/product\/iluma-intense-brightening-serum-1-fl-oz-30-ml\/"},"modified":"2023-04-11T10:08:19","modified_gmt":"2023-04-11T10:08:19","slug":"iluma-intense-brightening-serum-1-fl-oz-30-ml","status":"publish","type":"product","link":"https:\/\/imageskincare.lt\/lt\/produktas\/iluma-intense-brightening-serum-1-fl-oz-30-ml\/","title":{"rendered":"ILUMA \u0160viesinamasis serumas 1 fl oz (30 mL)"},"content":{"rendered":"<p><strong>DETAILS<\/strong><\/p>\n<p>This quick-absorbing serum addresses both skin discoloration and redness, offering a calming and brightening solution for irritated, sun-damaged and sensitive skin. A blend of botanical brighteners and vitamin C encourages a clear, even-toned complexion. Ideal for those skins that prefer a hydroquinone-free product.<\/p>\n<p>Physician formulated for:<\/p>\n<ul>\n<li>Redness-prone skin<\/li>\n<li>Sun-damaged skin<\/li>\n<li>Sensitive and irritated skin<\/li>\n<li>Post-peel irritation<\/li>\n<\/ul>\n","protected":false},"excerpt":{"rendered":"<p>Galingas serumas, sukurtas citrusini\u0173 vaisi\u0173 pagrindu, su od\u0105 \u0161viesinan\u010diais ingredientais ir stabilia vitamino C forma, suma\u017eina pigmentini\u0173 d\u0117mi\u0173 atsiradim\u0105 ir i\u0161lygina odos spalv\u0105. Azelaino r\u016bg\u0161tis \u0161velniai nu\u0161vei\u010dia, kad padid\u0117t\u0173 odos spindesys ir \u0161vyt\u0117jimas.<\/p>\n<p><strong>Naudojimas: <\/strong>Ryte ir vakare tepkite ant \u0161varios odos.<\/p>\n","protected":false},"featured_media":21017,"template":"","meta":[],"etheme_brands":[],"product_cat":[47],"product_tag":[],"_links":{"self":[{"href":"https:\/\/imageskincare.lt\/lt\/wp-json\/wp\/v2\/product\/21126"}],"collection":[{"href":"https:\/\/imageskincare.lt\/lt\/wp-json\/wp\/v2\/product"}],"about":[{"href":"https:\/\/imageskincare.lt\/lt\/wp-json\/wp\/v2\/types\/product"}],"wp:featuredmedia":[{"embeddable":true,"href":"https:\/\/imageskincare.lt\/lt\/wp-json\/wp\/v2\/media\/21017"}],"wp:attachment":[{"href":"https:\/\/imageskincare.lt\/lt\/wp-json\/wp\/v2\/media?parent=21126"}],"wp:term":[{"taxonomy":"brand","embeddable":true,"href":"https:\/\/imageskincare.lt\/lt\/wp-json\/wp\/v2\/etheme_brands?post=21126"},{"taxonomy":"product_cat","embeddable":true,"href":"https:\/\/imageskincare.lt\/lt\/wp-json\/wp\/v2\/product_cat?post=21126"},{"taxonomy":"product_tag","embeddable":true,"href":"https:\/\/imageskincare.lt\/lt\/wp-json\/wp\/v2\/product_tag?post=21126"}],"curies":[{"name":"wp","href":"https:\/\/api.w.org\/{rel}","templated":true}]}}