{"id":21127,"date":"2023-02-22T12:22:06","date_gmt":"2023-02-22T12:22:06","guid":{"rendered":"https:\/\/imageskincare.lt\/product\/the-max-stem-cell-masque-2-fl-oz-59-ml\/"},"modified":"2023-04-11T10:13:03","modified_gmt":"2023-04-11T10:13:03","slug":"the-max-stem-cell-masque-2-fl-oz-59-ml","status":"publish","type":"product","link":"https:\/\/imageskincare.lt\/lt\/produktas\/the-max-stem-cell-masque-2-fl-oz-59-ml\/","title":{"rendered":"The MAX\u2122 stem cell masque 2 fl oz (59 mL)"},"content":{"rendered":"<p data-canvas-width=\"269.8250755319625\"><strong>DETAILS<\/strong><\/p>\n<p data-canvas-width=\"269.8250755319625\">Formulated with potent, advanced anti-aging ingredients, this luxurious masque does more than instantly awaken a tired complexion: It visibly rejuvenates, regenerates and revitalizes dull, aging skin to restore a youthful, luminous appearance. Use weekly to experience the time-released effects of encapsulated ingredients that tighten, hydrate, smooth and boost the skin\u2019s defenses against damage.<\/p>\n<p data-canvas-width=\"129.027994173792\">Physician formulated for:<\/p>\n<ul>\n<li>All skin types<\/li>\n<li>Aging skin<\/li>\n<li>Loss of radiance<\/li>\n<\/ul>\n","protected":false},"excerpt":{"rendered":"<p>\u0160i kauk\u0117, sukurta naudojant augal\u0173 kamienines l\u0105steles, u\u017etikrinan\u010dias ilgalaik\u012f nuo sen\u0117jimo saugant\u012f poveik\u012f, akivaizd\u017eiai atjaunina papilk\u0117jusi\u0105 od\u0105 ir atkuria jaunatvi\u0161k\u0105, atgaivint\u0105 i\u0161vaizd\u0105. Vitaminas C palaiko stangrum\u0105 ir elastingum\u0105, o peptidai saugo nuo rauk\u0161li\u0173 atsiradimo, lygina ir stangrina od\u0105. Padeda \u0161viesinti, dr\u0117kinti ir sustiprinti odos apsaug\u0105 nuo \u017ealingo aplinkos poveikio.<\/p>\n<p><strong>Naudojimas: <\/strong>Plonu sluoksiu tepkite kauk\u0119 ant veido, kaklo ir dekolt\u0117, palikite 5-10 minu\u010di\u0173. \u0160velniai nuplaukite \u0161iltu vandeniu. Naudokite 3-4 kartus per savait\u0119.<\/p>\n<p><strong>Kaip veikia: <\/strong><\/p>\n<ul>\n<li>Padengia od\u0105 rauk\u0161les naikinan\u010diais peptidais ir augal\u0173 l\u0105steli\u0173 ekstraktais.<\/li>\n<li>Augal\u0173 l\u0105steli\u0173 ekstraktai atgaivina od\u0105 ir padeda kovoti su sen\u0117jimo po\u017eymiais.<\/li>\n<li>Amino r\u016bg\u0161tys ir skvalanas padeda u\u017erakinti dr\u0117gm\u0119 odoje.<\/li>\n<\/ul>\n","protected":false},"featured_media":20978,"template":"","meta":[],"etheme_brands":[],"product_cat":[46],"product_tag":[],"_links":{"self":[{"href":"https:\/\/imageskincare.lt\/lt\/wp-json\/wp\/v2\/product\/21127"}],"collection":[{"href":"https:\/\/imageskincare.lt\/lt\/wp-json\/wp\/v2\/product"}],"about":[{"href":"https:\/\/imageskincare.lt\/lt\/wp-json\/wp\/v2\/types\/product"}],"wp:featuredmedia":[{"embeddable":true,"href":"https:\/\/imageskincare.lt\/lt\/wp-json\/wp\/v2\/media\/20978"}],"wp:attachment":[{"href":"https:\/\/imageskincare.lt\/lt\/wp-json\/wp\/v2\/media?parent=21127"}],"wp:term":[{"taxonomy":"brand","embeddable":true,"href":"https:\/\/imageskincare.lt\/lt\/wp-json\/wp\/v2\/etheme_brands?post=21127"},{"taxonomy":"product_cat","embeddable":true,"href":"https:\/\/imageskincare.lt\/lt\/wp-json\/wp\/v2\/product_cat?post=21127"},{"taxonomy":"product_tag","embeddable":true,"href":"https:\/\/imageskincare.lt\/lt\/wp-json\/wp\/v2\/product_tag?post=21127"}],"curies":[{"name":"wp","href":"https:\/\/api.w.org\/{rel}","templated":true}]}}