{"id":21128,"date":"2023-02-22T12:22:28","date_gmt":"2023-02-22T12:22:28","guid":{"rendered":"https:\/\/imageskincare.lt\/product\/the-max-stem-cell-creme-1-7-oz-48-g\/"},"modified":"2023-04-11T10:14:02","modified_gmt":"2023-04-11T10:14:02","slug":"the-max-stem-cell-creme-1-7-oz-48-g","status":"publish","type":"product","link":"https:\/\/imageskincare.lt\/lt\/produktas\/the-max-stem-cell-creme-1-7-oz-48-g\/","title":{"rendered":"THE MAX Kremas su kamienin\u0117mis l\u0105stel\u0117mis 1.7 oz (48 g)"},"content":{"rendered":"<p data-canvas-width=\"292.9112325094118\"><strong>DETAILS<\/strong><\/p>\n<p data-canvas-width=\"292.9112325094118\">Achieve maximum results overnight with this groundbreaking cr\u00e8me that delivers unparalleled antioxidant benefits and reinforces skin\u2019s defense mechanisms. Revolutionary stem cells derived from alpine botanicals mimic the plant\u2019s survival capabilities in harsh conditions, promoting the longevity of skin cells and encouraging moisture retention. Delivers a high concentration of peptides that reduce the appearance of wrinkles and support collagen remodeling, along with a plant-based tightening complex that visibly smoothes the skin.<\/p>\n<p data-canvas-width=\"292.9112325094118\">Physician formulated for:<\/p>\n<ul>\n<li>Aging skin<\/li>\n<li>Dehydrated skin<\/li>\n<li>Lines and wrinkles due to facial expressions<\/li>\n<li>Environmentally damaged skin<\/li>\n<\/ul>\n","protected":false},"excerpt":{"rendered":"<p>Naktinis kremas, suteikiantis stipr\u0173 antioksidantin\u012f poveik\u012f ir sustiprinantis odos apsauginius mechanizmus. Didel\u0117 peptid\u0173 koncentracija padeda suma\u017einti smulkias ir gilias rauk\u0161les, o j\u016bros augal\u0173 kompleksas i\u0161lygina od\u0105. Keturi unikal\u016bs Alpi\u0173 augal\u0173 kamienini\u0173 l\u0105steli\u0173 tipai padeda puosel\u0117ti sveik\u0105, jaunatvi\u0161kai atrodan\u010di\u0105 od\u0105.<\/p>\n<p><strong>Naudojimas: <\/strong>Vakare tepkite krem\u0105 ant i\u0161valyto veido, kaklo ir paaki\u0173 zonos. Kad pasiekti geresn\u012f poveik\u012f, krem\u0105 rekomenduojama naudoti kasdien.<\/p>\n<p><strong>Kaip veikia<\/strong>:<\/p>\n<ul>\n<li>Prabangi, peptidais patobulinta formul\u0117 padeda suma\u017einti smulkias ir gilias rauk\u0161les.<\/li>\n<li>Augal\u0173 l\u0105steli\u0173 ekstraktai kovoja su matomais sen\u0117jimo po\u017eymiais ir padeda atgaivinti odos i\u0161vaizd\u0105.<\/li>\n<li>Planktono ekstraktas palaiko stangrios odos i\u0161vaizd\u0105.<\/li>\n<\/ul>\n","protected":false},"featured_media":21007,"template":"","meta":[],"etheme_brands":[],"product_cat":[45],"product_tag":[],"_links":{"self":[{"href":"https:\/\/imageskincare.lt\/lt\/wp-json\/wp\/v2\/product\/21128"}],"collection":[{"href":"https:\/\/imageskincare.lt\/lt\/wp-json\/wp\/v2\/product"}],"about":[{"href":"https:\/\/imageskincare.lt\/lt\/wp-json\/wp\/v2\/types\/product"}],"wp:featuredmedia":[{"embeddable":true,"href":"https:\/\/imageskincare.lt\/lt\/wp-json\/wp\/v2\/media\/21007"}],"wp:attachment":[{"href":"https:\/\/imageskincare.lt\/lt\/wp-json\/wp\/v2\/media?parent=21128"}],"wp:term":[{"taxonomy":"brand","embeddable":true,"href":"https:\/\/imageskincare.lt\/lt\/wp-json\/wp\/v2\/etheme_brands?post=21128"},{"taxonomy":"product_cat","embeddable":true,"href":"https:\/\/imageskincare.lt\/lt\/wp-json\/wp\/v2\/product_cat?post=21128"},{"taxonomy":"product_tag","embeddable":true,"href":"https:\/\/imageskincare.lt\/lt\/wp-json\/wp\/v2\/product_tag?post=21128"}],"curies":[{"name":"wp","href":"https:\/\/api.w.org\/{rel}","templated":true}]}}