{"id":21129,"date":"2023-02-22T12:22:06","date_gmt":"2023-02-22T12:22:06","guid":{"rendered":"https:\/\/imageskincare.lt\/product\/the-max-stem-cell-eye-creme-0-5-oz-15-ml\/"},"modified":"2023-04-11T10:15:30","modified_gmt":"2023-04-11T10:15:30","slug":"the-max-stem-cell-eye-creme-0-5-oz-15-ml","status":"publish","type":"product","link":"https:\/\/imageskincare.lt\/lt\/produktas\/the-max-stem-cell-eye-creme-0-5-oz-15-ml\/","title":{"rendered":"The MAX\u2122 stem cell eye cr\u00e8me 0.5 oz (15 mL)"},"content":{"rendered":"<p><strong>DETAILS<\/strong><\/p>\n<p>This revolutionary eye treatment targets visible signs of aging with corrective peptides and high concentrations of premium growth factors derived from plant stem cells. This potent blend helps to decelerate the cellular aging process and protect skin\u2019s own stem cells. It also inhibits visible signs of aging caused by free radical-induced oxidation, including the appearance of fine lines, wrinkles and puffiness around the eyes. Rejuvenates the eye area for a more youthful look.<\/p>\n<p>Physician formulated for:<\/p>\n<ul>\n<li>Aging skin<\/li>\n<li>Fine lines<\/li>\n<li>Wrinkles<\/li>\n<li>Dry, sensitive skin<\/li>\n<\/ul>\n","protected":false},"excerpt":{"rendered":"<p>Revoliucin\u0117 aki\u0173 proced\u016bra, padedanti greitai suma\u017einti matomus sen\u0117jimo po\u017eymius naudojant augal\u0173 kamienines l\u0105steles. Suma\u017eina smulkias rauk\u0161leles ir rauk\u0161les aplink akis. Vynuogi\u0173 s\u0117kl\u0173 aliejus stiprina ir intensyviai dr\u0117kina bei atjaunina gle\u017en\u0105 aki\u0173 srities od\u0105, kad ji atrodyt\u0173 atgaivinta.<\/p>\n<p><strong>Naudojimas:<\/strong> Ryte ir vakare u\u017etepti krem\u0105 ant vir\u0161utinio ir apatinio voko.<\/p>\n<p><strong>Kaip veikia<\/strong>:<\/p>\n<ul>\n<li>Daugiafunkcin\u0117 formul\u0117 pa\u0161alina visus sen\u0117jimo po\u017eymius aplink akis.<\/li>\n<li>Padeda suma\u017einti tamsi\u0173 ratil\u0173 atsiradim\u0105 ir paburkim\u0105.<\/li>\n<li>Pagerina odos stangrum\u0105 aplink akis.<\/li>\n<li>Turtinga, dr\u0117kinanti formul\u0117 padeda pamaitinti trapi\u0105 paaki\u0173 od\u0105.<\/li>\n<\/ul>\n","protected":false},"featured_media":20971,"template":"","meta":[],"etheme_brands":[],"product_cat":[48],"product_tag":[],"_links":{"self":[{"href":"https:\/\/imageskincare.lt\/lt\/wp-json\/wp\/v2\/product\/21129"}],"collection":[{"href":"https:\/\/imageskincare.lt\/lt\/wp-json\/wp\/v2\/product"}],"about":[{"href":"https:\/\/imageskincare.lt\/lt\/wp-json\/wp\/v2\/types\/product"}],"wp:featuredmedia":[{"embeddable":true,"href":"https:\/\/imageskincare.lt\/lt\/wp-json\/wp\/v2\/media\/20971"}],"wp:attachment":[{"href":"https:\/\/imageskincare.lt\/lt\/wp-json\/wp\/v2\/media?parent=21129"}],"wp:term":[{"taxonomy":"brand","embeddable":true,"href":"https:\/\/imageskincare.lt\/lt\/wp-json\/wp\/v2\/etheme_brands?post=21129"},{"taxonomy":"product_cat","embeddable":true,"href":"https:\/\/imageskincare.lt\/lt\/wp-json\/wp\/v2\/product_cat?post=21129"},{"taxonomy":"product_tag","embeddable":true,"href":"https:\/\/imageskincare.lt\/lt\/wp-json\/wp\/v2\/product_tag?post=21129"}],"curies":[{"name":"wp","href":"https:\/\/api.w.org\/{rel}","templated":true}]}}