{"id":21131,"date":"2023-02-22T12:22:28","date_gmt":"2023-02-22T12:22:28","guid":{"rendered":"https:\/\/imageskincare.lt\/product\/the-max-stem-cell-serum-1-fl-oz-30-ml\/"},"modified":"2023-04-11T10:19:30","modified_gmt":"2023-04-11T10:19:30","slug":"the-max-stem-cell-serum-1-fl-oz-30-ml","status":"publish","type":"product","link":"https:\/\/imageskincare.lt\/lt\/produktas\/the-max-stem-cell-serum-1-fl-oz-30-ml\/","title":{"rendered":"The MAX\u2122 stem cell serum 1 fl oz (30 mL)"},"content":{"rendered":"<p><strong>DETAILS<\/strong><\/p>\n<p>Experience transformative skin rejuvenation in one powerful serum. Revolutionary, multi-layer technology releases nutripeptides and an exclusive blend of plant stem cells deep into the skin to combat the effects of aging and stimulate new collagen. Skin looks firmer with a visible improvement in the appearance of fine lines, deep folds, wrinkles, sagging and sun damage.<\/p>\n","protected":false},"excerpt":{"rendered":"<p>Turtinga serumo sud\u0117tis palaiko j\u016bs\u0173 odos apsaug\u0105 nuo sen\u0117jimo. Akivaizd\u017eiai stangrina ir \u0161viesina od\u0105, suma\u017eina gilias rauk\u0161les ir aplinkos \u017ealos padarinius. Tikslingai veikiantys peptidai i\u0161lygina smulkias rauk\u0161leles, o vitaminas C, nutripeptidai ir obuoli\u0173 kamienin\u0117s l\u0105stel\u0117s padeda panaikinti matomus sen\u0117jimo po\u017eymius.<\/p>\n<p><strong>Naudojimas: <\/strong>Ryte ir vakare tepkite priemon\u0119 ant i\u0161valytos odos ir masa\u017euokite, kol serumas visi\u0161kai \u012fsigers.<\/p>\n<p><strong>Kaip veikia: <\/strong><\/p>\n<ul>\n<li>Veiksminga formul\u0117 su maksimalia nauda stabdant sen\u0117jimo po\u017eymius, \u012fskaitant rauk\u0161les ir odos elastingumo praradim\u0105.<\/li>\n<li>Galingas multi-peptid\u0173 kompleksas padeda kovoti rauk\u0161li\u0173 atsiradimu.<\/li>\n<li>Padeda stangrinti ir atgaivinti odos i\u0161vaizd\u0105.<\/li>\n<\/ul>\n","protected":false},"featured_media":21016,"template":"","meta":[],"etheme_brands":[],"product_cat":[47],"product_tag":[],"_links":{"self":[{"href":"https:\/\/imageskincare.lt\/lt\/wp-json\/wp\/v2\/product\/21131"}],"collection":[{"href":"https:\/\/imageskincare.lt\/lt\/wp-json\/wp\/v2\/product"}],"about":[{"href":"https:\/\/imageskincare.lt\/lt\/wp-json\/wp\/v2\/types\/product"}],"wp:featuredmedia":[{"embeddable":true,"href":"https:\/\/imageskincare.lt\/lt\/wp-json\/wp\/v2\/media\/21016"}],"wp:attachment":[{"href":"https:\/\/imageskincare.lt\/lt\/wp-json\/wp\/v2\/media?parent=21131"}],"wp:term":[{"taxonomy":"brand","embeddable":true,"href":"https:\/\/imageskincare.lt\/lt\/wp-json\/wp\/v2\/etheme_brands?post=21131"},{"taxonomy":"product_cat","embeddable":true,"href":"https:\/\/imageskincare.lt\/lt\/wp-json\/wp\/v2\/product_cat?post=21131"},{"taxonomy":"product_tag","embeddable":true,"href":"https:\/\/imageskincare.lt\/lt\/wp-json\/wp\/v2\/product_tag?post=21131"}],"curies":[{"name":"wp","href":"https:\/\/api.w.org\/{rel}","templated":true}]}}