{"id":21132,"date":"2023-02-22T12:23:29","date_gmt":"2023-02-22T12:23:29","guid":{"rendered":"https:\/\/imageskincare.lt\/product\/the-max-wrinkle-smoother\/"},"modified":"2023-04-11T10:21:14","modified_gmt":"2023-04-11T10:21:14","slug":"the-max-wrinkle-smoother","status":"publish","type":"product","link":"https:\/\/imageskincare.lt\/lt\/produktas\/the-max-wrinkle-smoother\/","title":{"rendered":"THE MAX Rauk\u0161les i\u0161lyginanti priemon\u0117 15 ml"},"content":{"rendered":"","protected":false},"excerpt":{"rendered":"<p>Tikslingai veikiantis serumas, skirtas rauk\u0161li\u0173 prevencijai, siekiant i\u0161lyginti kaktos rauk\u0161les, \u201e\u017e\u0105s\u0173 kojeles\u201c ir mimikos rauk\u0161les. Su rauk\u0161l\u0117mis kovojantys peptidai, auk\u0161t\u0173j\u0173 technologij\u0173 stangrinantis polimeras ir augal\u0173 kamienin\u0117s l\u0105stel\u0117s padeda suma\u017einti mimikos rauk\u0161li\u0173 atsiradim\u0105.<\/p>\n<p><strong>Naudojimas: <\/strong>Ryte ir vakare tepkite ant \u0161varios odos, ypatingai ant i\u0161rai\u0161kos linij\u0173 ant kaktos, tarp antaki\u0173 ir aplink akis.<\/p>\n","protected":false},"featured_media":21076,"template":"","meta":[],"etheme_brands":[],"product_cat":[47],"product_tag":[],"_links":{"self":[{"href":"https:\/\/imageskincare.lt\/lt\/wp-json\/wp\/v2\/product\/21132"}],"collection":[{"href":"https:\/\/imageskincare.lt\/lt\/wp-json\/wp\/v2\/product"}],"about":[{"href":"https:\/\/imageskincare.lt\/lt\/wp-json\/wp\/v2\/types\/product"}],"wp:featuredmedia":[{"embeddable":true,"href":"https:\/\/imageskincare.lt\/lt\/wp-json\/wp\/v2\/media\/21076"}],"wp:attachment":[{"href":"https:\/\/imageskincare.lt\/lt\/wp-json\/wp\/v2\/media?parent=21132"}],"wp:term":[{"taxonomy":"brand","embeddable":true,"href":"https:\/\/imageskincare.lt\/lt\/wp-json\/wp\/v2\/etheme_brands?post=21132"},{"taxonomy":"product_cat","embeddable":true,"href":"https:\/\/imageskincare.lt\/lt\/wp-json\/wp\/v2\/product_cat?post=21132"},{"taxonomy":"product_tag","embeddable":true,"href":"https:\/\/imageskincare.lt\/lt\/wp-json\/wp\/v2\/product_tag?post=21132"}],"curies":[{"name":"wp","href":"https:\/\/api.w.org\/{rel}","templated":true}]}}