{"id":21133,"date":"2023-02-22T12:23:09","date_gmt":"2023-02-22T12:23:09","guid":{"rendered":"https:\/\/imageskincare.lt\/product\/the-max-stem-cell-neck-lift-2-fl-oz\/"},"modified":"2023-04-11T10:22:29","modified_gmt":"2023-04-11T10:22:29","slug":"the-max-stem-cell-neck-lift-2-fl-oz","status":"publish","type":"product","link":"https:\/\/imageskincare.lt\/lt\/produktas\/the-max-stem-cell-neck-lift-2-fl-oz\/","title":{"rendered":"THE MAX Stangrinamasis kaklo kremas su kamienin\u0117mis l\u0105stel\u0117mis 59 ml"},"content":{"rendered":"<p><strong>DETAILS<\/strong><\/p>\n<p>Because telltale signs of aging extend beyond the face, this firming cr\u00e8me targets skin laxity, sagging, wrinkles and creasing on the often-neglected neck and d\u00e9collet\u00e9. Its maximum concentration of skin-strengthening peptides and groundbreaking plant stem cells helps to uplift sagging skin, support elasticity and define the neck and jawline. Improves the appearance of fine lines, crepey skin and dryness by visibly firming the skin.<\/p>\n<p>Physician formulated for:<\/p>\n<ul>\n<li>Aging skin<\/li>\n<li>Loss of elasticity<\/li>\n<li>Sagging and lax skin<\/li>\n<\/ul>\n","protected":false},"excerpt":{"rendered":"<p>Stangrinamasis kremas, kuris kovoja su odos suglebimu, rauk\u0161l\u0117mis kaklo ir dekolt\u0117 zonose. Did\u017eiausia peptid\u0173 ir augal\u0173 kamienini\u0173 l\u0105steli\u0173 koncentracija padeda sustangrinti suglebusi\u0105 kaklo od\u0105 ir modeliuoja veido oval\u0105. Antioksidant\u0173 gausus vitaminas C skaistina od\u0105, palaiko stangrum\u0105 ir tonus\u0105. Pagerina rauk\u0161l\u0117tos, suglebusios ir sausos odos i\u0161vaizd\u0105.<\/p>\n<p><strong>Naudojimas: <\/strong>Ryte ir vakare tepkite krem\u0105 ant kaklo ir dekolt\u0117 iki \u017eandikaulio linijos.<\/p>\n","protected":false},"featured_media":21036,"template":"","meta":[],"etheme_brands":[],"product_cat":[44],"product_tag":[],"_links":{"self":[{"href":"https:\/\/imageskincare.lt\/lt\/wp-json\/wp\/v2\/product\/21133"}],"collection":[{"href":"https:\/\/imageskincare.lt\/lt\/wp-json\/wp\/v2\/product"}],"about":[{"href":"https:\/\/imageskincare.lt\/lt\/wp-json\/wp\/v2\/types\/product"}],"wp:featuredmedia":[{"embeddable":true,"href":"https:\/\/imageskincare.lt\/lt\/wp-json\/wp\/v2\/media\/21036"}],"wp:attachment":[{"href":"https:\/\/imageskincare.lt\/lt\/wp-json\/wp\/v2\/media?parent=21133"}],"wp:term":[{"taxonomy":"brand","embeddable":true,"href":"https:\/\/imageskincare.lt\/lt\/wp-json\/wp\/v2\/etheme_brands?post=21133"},{"taxonomy":"product_cat","embeddable":true,"href":"https:\/\/imageskincare.lt\/lt\/wp-json\/wp\/v2\/product_cat?post=21133"},{"taxonomy":"product_tag","embeddable":true,"href":"https:\/\/imageskincare.lt\/lt\/wp-json\/wp\/v2\/product_tag?post=21133"}],"curies":[{"name":"wp","href":"https:\/\/api.w.org\/{rel}","templated":true}]}}