{"id":21134,"date":"2023-02-22T12:22:06","date_gmt":"2023-02-22T12:22:06","guid":{"rendered":"https:\/\/imageskincare.lt\/product\/the-max-stem-cell-facial-cleanser-4-fl-oz-118-ml\/"},"modified":"2023-04-11T10:24:51","modified_gmt":"2023-04-11T10:24:51","slug":"the-max-stem-cell-facial-cleanser-4-fl-oz-118-ml","status":"publish","type":"product","link":"https:\/\/imageskincare.lt\/lt\/produktas\/the-max-stem-cell-facial-cleanser-4-fl-oz-118-ml\/","title":{"rendered":"THE MAX Veido prausiklis su kamienin\u0117mis l\u0105stel\u0117mis  4 fl oz (118 mL)"},"content":{"rendered":"<p data-canvas-width=\"284.18984644503354\"><strong>DETAILS<\/strong><\/p>\n<p data-canvas-width=\"284.18984644503354\">Powered by an advanced polypeptide complex and plant-derived stem cell technology to turn cleansing into a luxurious experience. This creamy wash is free of sulfates, parabens and acids to balance and optmize the skin\u2019s pH. Carefully selected botanicals nourish the skin and work to protect it against the daily onslaught of environmental pollutants.<\/p>\n<p data-canvas-width=\"129.027994173792\">Physician formulated for:<\/p>\n<ul>\n<li>All skin types<\/li>\n<li>Aging skin<\/li>\n<li>Sensitive skin<\/li>\n<\/ul>\n","protected":false},"excerpt":{"rendered":"<p>Pasitelkiant polipeptidais ir augalin\u0117s kilm\u0117s kamienin\u0117mis l\u0105stel\u0117mis praturtint\u0105 formul\u0119, \u0161is \u0161ilkinis prausiklis padeda odai jaustis subalansuotai ir atgaivintai. Kruop\u0161\u010diai atrinkti augaliniai ingredientai maitina od\u0105, nuvalo makia\u017e\u0105 ir ne\u0161varumus.<\/p>\n<p><strong>Naudojimas: <\/strong>Ryte ir vakare masa\u017euojamais judesiais paskirstykite prausikl\u012f ant sudr\u0117kintos odos, po to nuplaukite drungnu vandeniu.<\/p>\n<p><strong>Kaip veikia: <\/strong><\/p>\n<p>Kremin\u0117 formul\u0117 \u0161velniai nuvalo makia\u017e\u0105 ir ne\u0161varumus.<\/p>\n<ul>\n<li>Botanini\u0173 ekstrakt\u0173 mi\u0161inys maitina ir padeda i\u0161laikyti sveik\u0105 od\u0105.<\/li>\n<li>Maitinamoji formul\u0117 kondicionuoja od\u0105.<\/li>\n<li>Be paraben\u0173, ftalat\u0173, mineralini\u0173 aliej\u0173, dirbtini\u0173 kvapi\u0173j\u0173 med\u017eiag\u0173 ir sintetini\u0173 da\u017eikli\u0173.<\/li>\n<\/ul>\n","protected":false},"featured_media":20957,"template":"","meta":[],"etheme_brands":[],"product_cat":[49],"product_tag":[],"_links":{"self":[{"href":"https:\/\/imageskincare.lt\/lt\/wp-json\/wp\/v2\/product\/21134"}],"collection":[{"href":"https:\/\/imageskincare.lt\/lt\/wp-json\/wp\/v2\/product"}],"about":[{"href":"https:\/\/imageskincare.lt\/lt\/wp-json\/wp\/v2\/types\/product"}],"wp:featuredmedia":[{"embeddable":true,"href":"https:\/\/imageskincare.lt\/lt\/wp-json\/wp\/v2\/media\/20957"}],"wp:attachment":[{"href":"https:\/\/imageskincare.lt\/lt\/wp-json\/wp\/v2\/media?parent=21134"}],"wp:term":[{"taxonomy":"brand","embeddable":true,"href":"https:\/\/imageskincare.lt\/lt\/wp-json\/wp\/v2\/etheme_brands?post=21134"},{"taxonomy":"product_cat","embeddable":true,"href":"https:\/\/imageskincare.lt\/lt\/wp-json\/wp\/v2\/product_cat?post=21134"},{"taxonomy":"product_tag","embeddable":true,"href":"https:\/\/imageskincare.lt\/lt\/wp-json\/wp\/v2\/product_tag?post=21134"}],"curies":[{"name":"wp","href":"https:\/\/api.w.org\/{rel}","templated":true}]}}