{"id":21135,"date":"2023-02-22T12:22:28","date_gmt":"2023-02-22T12:22:28","guid":{"rendered":"https:\/\/imageskincare.lt\/product\/prevention-daily-matte-moisturizer-spf-30\/"},"modified":"2023-04-11T10:31:53","modified_gmt":"2023-04-11T10:31:53","slug":"prevention-daily-matte-moisturizer-spf-30","status":"publish","type":"product","link":"https:\/\/imageskincare.lt\/lt\/produktas\/prevention-daily-matte-moisturizer-spf-30\/","title":{"rendered":"PREVENTION+ Mati\u0161kumo suteikiantis kremas SPF30"},"content":{"rendered":"<p><strong>DETAILS<\/strong><\/p>\n<p>This daily moisturizer subtly evens out skin tone and gives the skin a gorgeous, healthy glow with the benefits of SPF 30 sun protection. The sheer formula blends seamlessly and is boosted with a universal mineral tint. It provides a powerful blend of free radical-scavenging antioxidants to mitigate the effects of sun and environmental exposure.<\/p>\n<p>Physician formulated for:<\/p>\n<ul>\n<li>All skin types<\/li>\n<li>Uneven skin color and tone<\/li>\n<\/ul>\n","protected":false},"excerpt":{"rendered":"<p>Skaidrus dr\u0117kinamasis kremas su apsauga nuo saul\u0117s SPF32 lengvai ir tolygiai pasiskirsto bei panaikina odos blizges\u012f. D\u0117l \u0161velnios matin\u0117s tekst\u016bros jis idealiai tinka kasdieniam naudojimui.<\/p>\n<p><strong>Naudojimas: <\/strong>Tepkite ant i\u0161valytos odos 15 minu\u010di\u0173 prie\u0161 einant \u012f lauk\u0105.<\/p>\n","protected":false},"featured_media":21009,"template":"","meta":[],"etheme_brands":[],"product_cat":[45,51],"product_tag":[],"_links":{"self":[{"href":"https:\/\/imageskincare.lt\/lt\/wp-json\/wp\/v2\/product\/21135"}],"collection":[{"href":"https:\/\/imageskincare.lt\/lt\/wp-json\/wp\/v2\/product"}],"about":[{"href":"https:\/\/imageskincare.lt\/lt\/wp-json\/wp\/v2\/types\/product"}],"wp:featuredmedia":[{"embeddable":true,"href":"https:\/\/imageskincare.lt\/lt\/wp-json\/wp\/v2\/media\/21009"}],"wp:attachment":[{"href":"https:\/\/imageskincare.lt\/lt\/wp-json\/wp\/v2\/media?parent=21135"}],"wp:term":[{"taxonomy":"brand","embeddable":true,"href":"https:\/\/imageskincare.lt\/lt\/wp-json\/wp\/v2\/etheme_brands?post=21135"},{"taxonomy":"product_cat","embeddable":true,"href":"https:\/\/imageskincare.lt\/lt\/wp-json\/wp\/v2\/product_cat?post=21135"},{"taxonomy":"product_tag","embeddable":true,"href":"https:\/\/imageskincare.lt\/lt\/wp-json\/wp\/v2\/product_tag?post=21135"}],"curies":[{"name":"wp","href":"https:\/\/api.w.org\/{rel}","templated":true}]}}