{"id":21136,"date":"2023-02-22T12:22:07","date_gmt":"2023-02-22T12:22:07","guid":{"rendered":"https:\/\/imageskincare.lt\/product\/prevention-daily-ultimate-protection-moisturizer-spf-50-3-2-oz-95g\/"},"modified":"2023-04-11T10:28:14","modified_gmt":"2023-04-11T10:28:14","slug":"prevention-daily-ultimate-protection-moisturizer-spf-50-3-2-oz-95g","status":"publish","type":"product","link":"https:\/\/imageskincare.lt\/lt\/produktas\/prevention-daily-ultimate-protection-moisturizer-spf-50-3-2-oz-95g\/","title":{"rendered":"PREVENTION+ Dr\u0117kinamasis kremas SPF50"},"content":{"rendered":"<p data-canvas-width=\"366.9102097560008\"><strong>DETAILS<\/strong><\/p>\n<p>This sheer daily moisturizer delivers SPF 50 broad-spectrum protection against the sun\u2019s harmful UVA and UVB rays. The modernized formula with Digital Aging Defense helps to fight against the effects of blue light and environmental skin stressors. The lightweight formulation has you covered for indoors, outdoors or in high sun exposure. Thoughtfully formulated without the sunscreen actives octinoxate and oxybenzone, and free of parabens and artificial fragrances.<\/p>\n<p>Formulated with Digital Aging Defense, a form of dual protection against blue light and environmental skin stressors that cause dryness, discoloration and other signs of aging. A specialized pea protein helps to defend against the elements that age our skin, indoors and out.<\/p>\n","protected":false},"excerpt":{"rendered":"<p>Dr\u0117kinamasis kremas SPF 50 u\u017etikrina auk\u0161\u010diausi\u0105 plataus spektro apsaug\u0105, kuri idealiai tinka kasdieniam naudojimui, ilgai b\u016bnant lauke saul\u0117je. Digital Aging Defense \u2122 suteikia dvigub\u0105 apsaug\u0105 nuo m\u0117lynos \u0161viesos ir aplinkos sukeliamos \u017ealos. Lengvos formul\u0117s priemon\u0117 pasiskirsto lengvai ir tolygiai.<\/p>\n<p><strong>Naudojimas: <\/strong>Tepkite ant veido ir kaklo odos 15 minu\u010di\u0173 prie\u0161 einant \u012f lauk\u0105.<\/p>\n","protected":false},"featured_media":20996,"template":"","meta":[],"etheme_brands":[],"product_cat":[45,51],"product_tag":[],"_links":{"self":[{"href":"https:\/\/imageskincare.lt\/lt\/wp-json\/wp\/v2\/product\/21136"}],"collection":[{"href":"https:\/\/imageskincare.lt\/lt\/wp-json\/wp\/v2\/product"}],"about":[{"href":"https:\/\/imageskincare.lt\/lt\/wp-json\/wp\/v2\/types\/product"}],"wp:featuredmedia":[{"embeddable":true,"href":"https:\/\/imageskincare.lt\/lt\/wp-json\/wp\/v2\/media\/20996"}],"wp:attachment":[{"href":"https:\/\/imageskincare.lt\/lt\/wp-json\/wp\/v2\/media?parent=21136"}],"wp:term":[{"taxonomy":"brand","embeddable":true,"href":"https:\/\/imageskincare.lt\/lt\/wp-json\/wp\/v2\/etheme_brands?post=21136"},{"taxonomy":"product_cat","embeddable":true,"href":"https:\/\/imageskincare.lt\/lt\/wp-json\/wp\/v2\/product_cat?post=21136"},{"taxonomy":"product_tag","embeddable":true,"href":"https:\/\/imageskincare.lt\/lt\/wp-json\/wp\/v2\/product_tag?post=21136"}],"curies":[{"name":"wp","href":"https:\/\/api.w.org\/{rel}","templated":true}]}}