{"id":21137,"date":"2023-02-22T12:22:07","date_gmt":"2023-02-22T12:22:07","guid":{"rendered":"https:\/\/imageskincare.lt\/product\/prevention-daily-hydrating-moisturizer-spf-30-3-2-oz-91g\/"},"modified":"2023-04-11T10:31:12","modified_gmt":"2023-04-11T10:31:12","slug":"prevention-daily-hydrating-moisturizer-spf-30-3-2-oz-91g","status":"publish","type":"product","link":"https:\/\/imageskincare.lt\/lt\/produktas\/prevention-daily-hydrating-moisturizer-spf-30-3-2-oz-91g\/","title":{"rendered":"IMAGE Skincare PREVENTION+ Dr\u0117kinamasis kremas SPF30"},"content":{"rendered":"<p data-canvas-width=\"390.673288025056\"><strong>DETAILS<\/strong><\/p>\n<p data-canvas-width=\"390.673288025056\">After your favorite IMAGE Skincare serum and before makeup: Make this sheer, lightweight hydrator the essential final step in your daily skincare routine. This mineral-based SPF 30 moisturizer contains a unique form of zinc oxide that absorbs quickly into the skin, delivering broad-spectrum UVA\/UVB protection, lasting hydration and antioxidant defense without a white cast or residue. It\u2019s free of parabens and perfect for dry, redness-prone and sensitive skin.<\/p>\n<div data-canvas-width=\"75.40474779623061\">\n<p data-canvas-width=\"174.770969509416\">Physician formulated for:<\/p>\n<ul>\n<li>Sensitive skin<\/li>\n<li>Redness-prone skin<\/li>\n<li>Dry, dehydrated skin<\/li>\n<\/ul>\n<\/div>\n","protected":false},"excerpt":{"rendered":"<p>Dr\u0117kinamasis kremas SPF 30 u\u017etikrina auk\u0161\u010diausi\u0105 plataus spektro apsaug\u0105, kuri idealiai tinka kasdieniam naudojimui, ilgai b\u016bnant lauke saul\u0117je. Digital Aging Defense \u2122 suteikia dvigub\u0105 apsaug\u0105 nuo m\u0117lynos \u0161viesos ir aplinkos sukeliamos \u017ealos. Lengvos formul\u0117s priemon\u0117 pasiskirsto lengvai ir tolygiai.<\/p>\n<p><strong>Naudojimas: <\/strong>Tepkite ant veido ir kaklo odos 15 minu\u010di\u0173 prie\u0161 einant \u012f lauk\u0105.<\/p>\n","protected":false},"featured_media":20998,"template":"","meta":[],"etheme_brands":[],"product_cat":[45,51],"product_tag":[],"_links":{"self":[{"href":"https:\/\/imageskincare.lt\/lt\/wp-json\/wp\/v2\/product\/21137"}],"collection":[{"href":"https:\/\/imageskincare.lt\/lt\/wp-json\/wp\/v2\/product"}],"about":[{"href":"https:\/\/imageskincare.lt\/lt\/wp-json\/wp\/v2\/types\/product"}],"wp:featuredmedia":[{"embeddable":true,"href":"https:\/\/imageskincare.lt\/lt\/wp-json\/wp\/v2\/media\/20998"}],"wp:attachment":[{"href":"https:\/\/imageskincare.lt\/lt\/wp-json\/wp\/v2\/media?parent=21137"}],"wp:term":[{"taxonomy":"brand","embeddable":true,"href":"https:\/\/imageskincare.lt\/lt\/wp-json\/wp\/v2\/etheme_brands?post=21137"},{"taxonomy":"product_cat","embeddable":true,"href":"https:\/\/imageskincare.lt\/lt\/wp-json\/wp\/v2\/product_cat?post=21137"},{"taxonomy":"product_tag","embeddable":true,"href":"https:\/\/imageskincare.lt\/lt\/wp-json\/wp\/v2\/product_tag?post=21137"}],"curies":[{"name":"wp","href":"https:\/\/api.w.org\/{rel}","templated":true}]}}