{"id":21138,"date":"2023-02-22T12:22:07","date_gmt":"2023-02-22T12:22:07","guid":{"rendered":"https:\/\/imageskincare.lt\/product\/prevention-daily-tinted-moisturizer-spf-30\/"},"modified":"2023-04-11T10:32:38","modified_gmt":"2023-04-11T10:32:38","slug":"prevention-daily-tinted-moisturizer-spf-30","status":"publish","type":"product","link":"https:\/\/imageskincare.lt\/lt\/produktas\/prevention-daily-tinted-moisturizer-spf-30\/","title":{"rendered":"PREVENTION+ Toninis dr\u0117kinamasis kremas SPF30"},"content":{"rendered":"<p data-canvas-width=\"386.5288998840706\"><strong>DETAILS<\/strong><\/p>\n<p data-canvas-width=\"386.5288998840706\">This daily tinted moisturizer offers broad-spectrum pure mineral protection against UVA and UVB rays. The sheer formula delivers a hint of color that subtly evens out skin tone and gives a healthy glow. We recommend using it everyday. It layers seamlessly under makeup and is the perfect finishing step to help cover the appearance of redness after peels and professional treatments. Multi-action Digital Aging Defense\u2122 helps to fight against the effects of blue light and environmental skin stressors that cause dryness, discoloration and other signs of premature aging. Free of oxybenzone, avobenzone, octocrylene, ecamsule, parabens and artificial fragrances.<\/p>\n","protected":false},"excerpt":{"rendered":"<p>\u0160i kasdien\u0117 tonuota mineralin\u0117 dr\u0117kinanti priemon\u0117 suteikia apsaug\u0105 nuo kenksming\u0173 UVA\/UVB spinduli\u0173, m\u0117lynos \u0161viesos ir \u017ealingo aplinkos poveikio. Universalus atspalvis padeda u\u017emaskuoti tr\u016bkumus ir i\u0161lyginti odos spalv\u0105.<\/p>\n<p><strong>Naudojimas: <\/strong>Tepkite ant veido ir kaklo odos 15 minu\u010di\u0173 prie\u0161 einant \u012f lauk\u0105.<\/p>\n","protected":false},"featured_media":21000,"template":"","meta":[],"etheme_brands":[],"product_cat":[45,51],"product_tag":[],"_links":{"self":[{"href":"https:\/\/imageskincare.lt\/lt\/wp-json\/wp\/v2\/product\/21138"}],"collection":[{"href":"https:\/\/imageskincare.lt\/lt\/wp-json\/wp\/v2\/product"}],"about":[{"href":"https:\/\/imageskincare.lt\/lt\/wp-json\/wp\/v2\/types\/product"}],"wp:featuredmedia":[{"embeddable":true,"href":"https:\/\/imageskincare.lt\/lt\/wp-json\/wp\/v2\/media\/21000"}],"wp:attachment":[{"href":"https:\/\/imageskincare.lt\/lt\/wp-json\/wp\/v2\/media?parent=21138"}],"wp:term":[{"taxonomy":"brand","embeddable":true,"href":"https:\/\/imageskincare.lt\/lt\/wp-json\/wp\/v2\/etheme_brands?post=21138"},{"taxonomy":"product_cat","embeddable":true,"href":"https:\/\/imageskincare.lt\/lt\/wp-json\/wp\/v2\/product_cat?post=21138"},{"taxonomy":"product_tag","embeddable":true,"href":"https:\/\/imageskincare.lt\/lt\/wp-json\/wp\/v2\/product_tag?post=21138"}],"curies":[{"name":"wp","href":"https:\/\/api.w.org\/{rel}","templated":true}]}}