{"id":21139,"date":"2023-02-22T12:23:30","date_gmt":"2023-02-22T12:23:30","guid":{"rendered":"https:\/\/imageskincare.lt\/product\/ormedic-balancing-gel-polisher\/"},"modified":"2023-04-11T10:40:55","modified_gmt":"2023-04-11T10:40:55","slug":"ormedic-balancing-gel-polisher","status":"publish","type":"product","link":"https:\/\/imageskincare.lt\/lt\/produktas\/ormedic-balancing-gel-polisher\/","title":{"rendered":"ORMEDIC Balansuojamasis gelinis \u0161veitiklis"},"content":{"rendered":"","protected":false},"excerpt":{"rendered":"<p>\u0160is \u0161velnus kasdienis \u0161veitiklis valo ir subalansuoja od\u0105. Granat\u0173 fermentai, alyvuogi\u0173 kauliuk\u0173 milteliai ir bambuko granul\u0117s panaikina pilkum\u0105 ir gr\u0105\u017eina odai \u0161vyt\u0117jim\u0105. \u017dali\u0173j\u0173 citrin\u0173 ikr\u0173 ekstraktas, nat\u016bralus AHA r\u016bg\u0161\u010di\u0173 \u0161altinis, padeda odai i\u0161likti \u0161velniai, lygiai ir gaiviai.<\/p>\n<p><strong>Naudojimas: <\/strong>Tepkite ant i\u0161valytos odos ir masa\u017euokite 1-2 minutes, po to nuplaukite drungnu vandeniu. Naudokite kasdien \u0161velniam odos \u0161veitimui.<\/p>\n","protected":false},"featured_media":21077,"template":"","meta":[],"etheme_brands":[],"product_cat":[47],"product_tag":[],"_links":{"self":[{"href":"https:\/\/imageskincare.lt\/lt\/wp-json\/wp\/v2\/product\/21139"}],"collection":[{"href":"https:\/\/imageskincare.lt\/lt\/wp-json\/wp\/v2\/product"}],"about":[{"href":"https:\/\/imageskincare.lt\/lt\/wp-json\/wp\/v2\/types\/product"}],"wp:featuredmedia":[{"embeddable":true,"href":"https:\/\/imageskincare.lt\/lt\/wp-json\/wp\/v2\/media\/21077"}],"wp:attachment":[{"href":"https:\/\/imageskincare.lt\/lt\/wp-json\/wp\/v2\/media?parent=21139"}],"wp:term":[{"taxonomy":"brand","embeddable":true,"href":"https:\/\/imageskincare.lt\/lt\/wp-json\/wp\/v2\/etheme_brands?post=21139"},{"taxonomy":"product_cat","embeddable":true,"href":"https:\/\/imageskincare.lt\/lt\/wp-json\/wp\/v2\/product_cat?post=21139"},{"taxonomy":"product_tag","embeddable":true,"href":"https:\/\/imageskincare.lt\/lt\/wp-json\/wp\/v2\/product_tag?post=21139"}],"curies":[{"name":"wp","href":"https:\/\/api.w.org\/{rel}","templated":true}]}}