{"id":21142,"date":"2023-02-22T12:22:06","date_gmt":"2023-02-22T12:22:06","guid":{"rendered":"https:\/\/imageskincare.lt\/product\/ormedic-balancing-lip-enhancement-complex-25-oz-7-g\/"},"modified":"2023-04-11T10:42:14","modified_gmt":"2023-04-11T10:42:14","slug":"ormedic-balancing-lip-enhancement-complex-25-oz-7-g","status":"publish","type":"product","link":"https:\/\/imageskincare.lt\/lt\/produktas\/ormedic-balancing-lip-enhancement-complex-25-oz-7-g\/","title":{"rendered":"ORMEDIC Balansuojamasis l\u016bp\u0173 odos stiprinimo kompleksas  25 oz \/ 7 g"},"content":{"rendered":"<p><strong>DETAILS<\/strong><\/p>\n<p>This lip-enhancing moisturizer instantly infuses lips with soothing hydration while improving the appearance and volume of lip contours. It diminishes fine lines and contains a powerful, anti-aging polypeptide complex that supports collagen in the lips so they look naturally firm and full. Feels amazing on chapped lips and provides lasting moisture for continued healing.<\/p>\n<p>Physician formulated for:<\/p>\n<ul>\n<li>All skin types<\/li>\n<li>Fine lines<\/li>\n<li>Dry, dehydrated lips<\/li>\n<li>Post-dermal fillers\/injections<\/li>\n<\/ul>\n","protected":false},"excerpt":{"rendered":"<p>Itin dr\u0117kinanti sud\u0117tis su polipeptidais vizualiai padidina l\u016bp\u0173 apimt\u012f. Akimirksniu atgaivina ir dr\u0117kina, kad l\u016bpos atrodyt\u0173 nat\u016braliai putlios.<\/p>\n<p><strong>Naudojimas:<\/strong> Ryte ir vakare tepkite ant l\u016bp\u0173, pagal poreik\u012f galima naudoti dienos b\u0117gyje.<\/p>\n<p><strong>Kaip veikia : <\/strong><\/p>\n<ul>\n<li>\u0160i itin dr\u0117kinanti polipeptidin\u0117 formul\u0117 pagerina vizualin\u0119 l\u016bp\u0173 kont\u016bro apimt\u012f.<\/li>\n<li>Akimirksniu sudr\u0117kina l\u016bpas, suteikiant joms nat\u016bralaus putlumo.<\/li>\n<\/ul>\n","protected":false},"featured_media":20974,"template":"","meta":[],"etheme_brands":[],"product_cat":[48,52],"product_tag":[],"_links":{"self":[{"href":"https:\/\/imageskincare.lt\/lt\/wp-json\/wp\/v2\/product\/21142"}],"collection":[{"href":"https:\/\/imageskincare.lt\/lt\/wp-json\/wp\/v2\/product"}],"about":[{"href":"https:\/\/imageskincare.lt\/lt\/wp-json\/wp\/v2\/types\/product"}],"wp:featuredmedia":[{"embeddable":true,"href":"https:\/\/imageskincare.lt\/lt\/wp-json\/wp\/v2\/media\/20974"}],"wp:attachment":[{"href":"https:\/\/imageskincare.lt\/lt\/wp-json\/wp\/v2\/media?parent=21142"}],"wp:term":[{"taxonomy":"brand","embeddable":true,"href":"https:\/\/imageskincare.lt\/lt\/wp-json\/wp\/v2\/etheme_brands?post=21142"},{"taxonomy":"product_cat","embeddable":true,"href":"https:\/\/imageskincare.lt\/lt\/wp-json\/wp\/v2\/product_cat?post=21142"},{"taxonomy":"product_tag","embeddable":true,"href":"https:\/\/imageskincare.lt\/lt\/wp-json\/wp\/v2\/product_tag?post=21142"}],"curies":[{"name":"wp","href":"https:\/\/api.w.org\/{rel}","templated":true}]}}