{"id":21143,"date":"2023-02-22T12:22:06","date_gmt":"2023-02-22T12:22:06","guid":{"rendered":"https:\/\/imageskincare.lt\/product\/ormedic-balancing-gel-masque-2-fl-oz-59-ml\/"},"modified":"2023-04-11T10:44:01","modified_gmt":"2023-04-11T10:44:01","slug":"ormedic-balancing-gel-masque-2-fl-oz-59-ml","status":"publish","type":"product","link":"https:\/\/imageskincare.lt\/lt\/produktas\/ormedic-balancing-gel-masque-2-fl-oz-59-ml\/","title":{"rendered":"ORMEDIC Balansuojamoji gelin\u0117 kauk\u0117  2 fl oz (59 mL)"},"content":{"rendered":"<p data-canvas-width=\"360.9507932535307\"><strong>DETAILS<\/strong><\/p>\n<p>This ultra-gentle gel masque instantly soothes and refreshes delicate, dry and tired skin. It hydrates the skin and restores balance with soothing botanical extracts and organic aloe vera. Mondo grass extract and prickly pear cactus water help to soothe the skin and support resilience against dryness and environmental damage.<\/p>\n<p>Built with the ORMEDIC PROMISE: contains select certified organic ingredients, avoids unnecessary ingredients and supports a stronger skin-barrier with a balanced skin-neutral pH.<\/p>\n<p>Featuring a light, natural fruit scent, the masque feels ultra-smooth as it glides onto the skin.<\/p>\n","protected":false},"excerpt":{"rendered":"<p>\u0160velni gelin\u0117 kauk\u0117 akimirksniu ramina ir gaivina jautri\u0105, saus\u0105 ir pavargusi\u0105 od\u0105. Raminantys augaliniai ekstraktai ir ekologi\u0161kas alavijas dr\u0117kina od\u0105 ir atkuria pusiausvyr\u0105. Japonin\u0117s gyvatbarzd\u0117s ir opuncijos ekstraktas padeda nuraminti od\u0105 ir palaiko atsparum\u0105 sausumui ir aplinkos poveikio sukeliamai \u017ealai.<\/p>\n<p><strong>Naudojimas: <\/strong>1-3 kartus per savait\u0119 tepkite pakankam\u0105 kiek\u012f kauk\u0117s ant \u0161varios odos ir laikykite nuo 5 \u2013 30 minu\u010di\u0173. Nuplaukite \u0161iltu vandeniu.<\/p>\n<p><strong>Kaip veikia<\/strong>:<\/p>\n<p>\u0160i itin \u0161velni gelin\u0117 kauk\u0117 akimirksniu nuramina ir atgaivina saus\u0105 ir pavargusi\u0105 od\u0105. Botanini\u0173 ekstrakt\u0173 ir ekologi\u0161ko alavijo d\u0117ka dr\u0117kina od\u0105 ir atkuria jos pusiausvyr\u0105.<\/p>\n","protected":false},"featured_media":20981,"template":"","meta":[],"etheme_brands":[],"product_cat":[46],"product_tag":[],"_links":{"self":[{"href":"https:\/\/imageskincare.lt\/lt\/wp-json\/wp\/v2\/product\/21143"}],"collection":[{"href":"https:\/\/imageskincare.lt\/lt\/wp-json\/wp\/v2\/product"}],"about":[{"href":"https:\/\/imageskincare.lt\/lt\/wp-json\/wp\/v2\/types\/product"}],"wp:featuredmedia":[{"embeddable":true,"href":"https:\/\/imageskincare.lt\/lt\/wp-json\/wp\/v2\/media\/20981"}],"wp:attachment":[{"href":"https:\/\/imageskincare.lt\/lt\/wp-json\/wp\/v2\/media?parent=21143"}],"wp:term":[{"taxonomy":"brand","embeddable":true,"href":"https:\/\/imageskincare.lt\/lt\/wp-json\/wp\/v2\/etheme_brands?post=21143"},{"taxonomy":"product_cat","embeddable":true,"href":"https:\/\/imageskincare.lt\/lt\/wp-json\/wp\/v2\/product_cat?post=21143"},{"taxonomy":"product_tag","embeddable":true,"href":"https:\/\/imageskincare.lt\/lt\/wp-json\/wp\/v2\/product_tag?post=21143"}],"curies":[{"name":"wp","href":"https:\/\/api.w.org\/{rel}","templated":true}]}}