{"id":21144,"date":"2023-02-22T12:22:06","date_gmt":"2023-02-22T12:22:06","guid":{"rendered":"https:\/\/imageskincare.lt\/product\/ormedic-balancing-facial-cleanser-6-fl-oz-177-ml\/"},"modified":"2023-04-11T10:45:00","modified_gmt":"2023-04-11T10:45:00","slug":"ormedic-balancing-facial-cleanser-6-fl-oz-177-ml","status":"publish","type":"product","link":"https:\/\/imageskincare.lt\/lt\/produktas\/ormedic-balancing-facial-cleanser-6-fl-oz-177-ml\/","title":{"rendered":"ORMEDIC Balansuojantis veido prausiklis 6 fl oz (177 mL)"},"content":{"rendered":"<p data-canvas-width=\"379.32814171580713\"><strong>DETAILS<\/strong><\/p>\n<p>A mild, refreshing gel cleanser that gently foams away impurities,\u00a0leaving skin soft, hydrated and clean. A\u00a0nourishing\u00a0complex with organic aloe\u00a0vera\u00a0and\u00a0botanical\u00a0extracts soothes delicate skin. The satiny texture restores softness and balance to the skin.<\/p>\n<p>Built with the ORMEDIC PROMISE: contains select certified organic ingredients, avoids unnecessary ingredients and supports a stronger skin-barrier with a balanced skin-neutral pH.<\/p>\n<p>Featuring a refreshing, clean, natural fruit scent, this cleanser is lightweight &amp; foamy as it cleanses the skin.<\/p>\n","protected":false},"excerpt":{"rendered":"<p>\u0160velnus, gaivinantis gelinis valiklis, kuris \u0161velniai putodamas pa\u0161alina ne\u0161varumus, oda tampa mink\u0161ta, sudr\u0117kinta ir \u0161vari. Maitinantis kompleksas su ekologi\u0161ku alavij\u0173 ir augalini\u0173 med\u017eiag\u0173 ekstraktais ramina jautri\u0105 od\u0105. \u0160ilkin\u0117, glotni tekst\u016bra atkuria odos \u0161velnum\u0105 ir pusiausvyr\u0105.<\/p>\n<p><strong>Naudojimas:<\/strong> Ryte ir vakare u\u017etepkite priemon\u0119 ant dr\u0117gnos odos ir masa\u017euokite 1 minut\u0119, po to nuplaukite drungnu vandeniu.<\/p>\n","protected":false},"featured_media":20955,"template":"","meta":[],"etheme_brands":[],"product_cat":[49],"product_tag":[],"_links":{"self":[{"href":"https:\/\/imageskincare.lt\/lt\/wp-json\/wp\/v2\/product\/21144"}],"collection":[{"href":"https:\/\/imageskincare.lt\/lt\/wp-json\/wp\/v2\/product"}],"about":[{"href":"https:\/\/imageskincare.lt\/lt\/wp-json\/wp\/v2\/types\/product"}],"wp:featuredmedia":[{"embeddable":true,"href":"https:\/\/imageskincare.lt\/lt\/wp-json\/wp\/v2\/media\/20955"}],"wp:attachment":[{"href":"https:\/\/imageskincare.lt\/lt\/wp-json\/wp\/v2\/media?parent=21144"}],"wp:term":[{"taxonomy":"brand","embeddable":true,"href":"https:\/\/imageskincare.lt\/lt\/wp-json\/wp\/v2\/etheme_brands?post=21144"},{"taxonomy":"product_cat","embeddable":true,"href":"https:\/\/imageskincare.lt\/lt\/wp-json\/wp\/v2\/product_cat?post=21144"},{"taxonomy":"product_tag","embeddable":true,"href":"https:\/\/imageskincare.lt\/lt\/wp-json\/wp\/v2\/product_tag?post=21144"}],"curies":[{"name":"wp","href":"https:\/\/api.w.org\/{rel}","templated":true}]}}