{"id":21145,"date":"2023-02-22T12:22:07","date_gmt":"2023-02-22T12:22:07","guid":{"rendered":"https:\/\/imageskincare.lt\/product\/ormedic-balancing-bio-peptide-creme-2-oz-56-7-g\/"},"modified":"2023-04-11T10:46:05","modified_gmt":"2023-04-11T10:46:05","slug":"ormedic-balancing-bio-peptide-creme-2-oz-56-7-g","status":"publish","type":"product","link":"https:\/\/imageskincare.lt\/lt\/produktas\/ormedic-balancing-bio-peptide-creme-2-oz-56-7-g\/","title":{"rendered":"ORMEDIC Kremas su bio-peptidais 2 oz (56.7 g)"},"content":{"rendered":"<p data-canvas-width=\"388.50228164321265\"><strong>DETAILS<\/strong><\/p>\n<p>This repair cr\u00e8me boosts and balances moisture-depleted skin with botanical butters, hyaluronic acid and organic plant oils. A unique highlighter-effect peptide brings renewed clarity and uniformity to the skin. A comprehensive formula to support a healthy, dewy complexion.<\/p>\n<p>Built with the ORMEDIC PROMISE: contains select certified organic ingredients, avoids unnecessary ingredients and supports a stronger skin-barrier with a balanced skin-neutral pH.<\/p>\n<p>Featuring a soft citrus scent, this velvety cr\u00e8me sinks in quickly for smooth application to skin.<\/p>\n","protected":false},"excerpt":{"rendered":"<p>\u0160is atkuriamasis kremas, kurio sud\u0117tyje yra, augalin\u0117s kilm\u0117s sviest\u0173, hialurono r\u016bg\u0161ties ir ekologi\u0161k\u0173 augalini\u0173 aliej\u0173, maitina ir subalansuoja dr\u0117gm\u0117s netekusi\u0105 od\u0105. Unikal\u016bs skaistinantys peptidai atnaujina od\u0105 ir i\u0161lyginaijos mikroreljef\u0105. Turtinga priemon\u0117s sud\u0117tis skirta palaikytissveik\u0105, sudr\u0117kint\u0105 veido od\u0105.<\/p>\n<p><strong>Naudojimas:<\/strong> Vakare tepkite ant \u0161varios odos, kad atkurti ir subalansuoti od\u0105.<\/p>\n","protected":false},"featured_media":21003,"template":"","meta":[],"etheme_brands":[],"product_cat":[45],"product_tag":[],"_links":{"self":[{"href":"https:\/\/imageskincare.lt\/lt\/wp-json\/wp\/v2\/product\/21145"}],"collection":[{"href":"https:\/\/imageskincare.lt\/lt\/wp-json\/wp\/v2\/product"}],"about":[{"href":"https:\/\/imageskincare.lt\/lt\/wp-json\/wp\/v2\/types\/product"}],"wp:featuredmedia":[{"embeddable":true,"href":"https:\/\/imageskincare.lt\/lt\/wp-json\/wp\/v2\/media\/21003"}],"wp:attachment":[{"href":"https:\/\/imageskincare.lt\/lt\/wp-json\/wp\/v2\/media?parent=21145"}],"wp:term":[{"taxonomy":"brand","embeddable":true,"href":"https:\/\/imageskincare.lt\/lt\/wp-json\/wp\/v2\/etheme_brands?post=21145"},{"taxonomy":"product_cat","embeddable":true,"href":"https:\/\/imageskincare.lt\/lt\/wp-json\/wp\/v2\/product_cat?post=21145"},{"taxonomy":"product_tag","embeddable":true,"href":"https:\/\/imageskincare.lt\/lt\/wp-json\/wp\/v2\/product_tag?post=21145"}],"curies":[{"name":"wp","href":"https:\/\/api.w.org\/{rel}","templated":true}]}}