{"id":21146,"date":"2023-02-22T12:22:06","date_gmt":"2023-02-22T12:22:06","guid":{"rendered":"https:\/\/imageskincare.lt\/product\/ormedic-balancing-eye-lift-gel-5-fl-oz-15-ml\/"},"modified":"2023-04-11T10:47:17","modified_gmt":"2023-04-11T10:47:17","slug":"ormedic-balancing-eye-lift-gel-5-fl-oz-15-ml","status":"publish","type":"product","link":"https:\/\/imageskincare.lt\/lt\/produktas\/ormedic-balancing-eye-lift-gel-5-fl-oz-15-ml\/","title":{"rendered":"ORMEDIC Paaki\u0173 od\u0105 stangrinantis gelis 5 fl oz (15 mL)"},"content":{"rendered":"<p data-canvas-width=\"348.04152653589637\"><strong>DETAILS<\/strong><\/p>\n<p>A refreshing eye gel that instantly soothes and hydrates dry, delicate skin. Quinoa extract contains a natural peptide that visibly de-puffs and reduces the appearance of undereye bags. The peptide-packed formula gently smoothes the skin and restores a fresh, rested look to the eye area.<\/p>\n<p>Built with the ORMEDIC PROMISE: contains select certified organic ingredients, avoids unnecessary ingredients and supports a stronger skin-barrier with a balanced skin-neutral pH.<\/p>\n<p>Featuring a mild, clean scent, this gel cr\u00e8me feels lightweight and soothing as applied to the delicate skin around the eye.<\/p>\n","protected":false},"excerpt":{"rendered":"<p>Gaivus paaki\u0173 gelis, akimirksniu ramina ir dr\u0117kina saus\u0105, jautri\u0105 od\u0105 aplink akis. Bolivin\u0117s balandos ekstraktas turi nat\u016brali\u0173 peptid\u0173, kurie naikina patinim\u0105 ir suma\u017eina mai\u0161elius po akimis. Peptidais praturtinta sud\u0117tis \u0161velniai i\u0161lygina od\u0105 ir atkuria aki\u0173 zonos gaivum\u0105 bei jaunyst\u0119.<\/p>\n<p><strong>Naudojimas:<\/strong> Ryte ir vakare \u017eirnio dyd\u017eio kremo kiek\u012f paskirstykite zonoje aplink akis.<\/p>\n","protected":false},"featured_media":20972,"template":"","meta":[],"etheme_brands":[],"product_cat":[48],"product_tag":[],"_links":{"self":[{"href":"https:\/\/imageskincare.lt\/lt\/wp-json\/wp\/v2\/product\/21146"}],"collection":[{"href":"https:\/\/imageskincare.lt\/lt\/wp-json\/wp\/v2\/product"}],"about":[{"href":"https:\/\/imageskincare.lt\/lt\/wp-json\/wp\/v2\/types\/product"}],"wp:featuredmedia":[{"embeddable":true,"href":"https:\/\/imageskincare.lt\/lt\/wp-json\/wp\/v2\/media\/20972"}],"wp:attachment":[{"href":"https:\/\/imageskincare.lt\/lt\/wp-json\/wp\/v2\/media?parent=21146"}],"wp:term":[{"taxonomy":"brand","embeddable":true,"href":"https:\/\/imageskincare.lt\/lt\/wp-json\/wp\/v2\/etheme_brands?post=21146"},{"taxonomy":"product_cat","embeddable":true,"href":"https:\/\/imageskincare.lt\/lt\/wp-json\/wp\/v2\/product_cat?post=21146"},{"taxonomy":"product_tag","embeddable":true,"href":"https:\/\/imageskincare.lt\/lt\/wp-json\/wp\/v2\/product_tag?post=21146"}],"curies":[{"name":"wp","href":"https:\/\/api.w.org\/{rel}","templated":true}]}}