{"id":21147,"date":"2023-02-22T12:22:28","date_gmt":"2023-02-22T12:22:28","guid":{"rendered":"https:\/\/imageskincare.lt\/product\/ormedic-balancing-anti-oxidant-serum-1-fl-oz-30-ml\/"},"modified":"2023-04-11T10:48:31","modified_gmt":"2023-04-11T10:48:31","slug":"ormedic-balancing-anti-oxidant-serum-1-fl-oz-30-ml","status":"publish","type":"product","link":"https:\/\/imageskincare.lt\/lt\/produktas\/ormedic-balancing-anti-oxidant-serum-1-fl-oz-30-ml\/","title":{"rendered":"ORMEDIC Serumas su antioksidantais 30 1 fl oz (30 mL)"},"content":{"rendered":"<p data-canvas-width=\"361.57384496719453\"><strong>DETAILS<\/strong><\/p>\n<p>An essential everyday serum that soothes the skin and strengthens its defenses against damage. Kakadu plum and beet root extract are multi-benefit antioxidants that give skin a healthy glow. Nutrient-rich organic grape water and hyaluronic acid restore balance and hydration to dehydrated skin.<\/p>\n<p>Built with the ORMEDIC PROMISE: contains select certified organic ingredients, avoids unnecessary ingredients and supports a stronger skin-barrier with a balanced skin-neutral pH.<\/p>\n<p>Featuring a natural fruit scent, this lightweight serum glides on skin smoothly.<\/p>\n","protected":false},"excerpt":{"rendered":"<p>Kasdienis serumas, kuris ramina od\u0105 ir stiprina jos geb\u0117jim\u0105 apsisaugoti nuo pa\u017eeidim\u0173. \u017daliosios slyvos ir burok\u0117li\u0173 \u0161akn\u0173 ekstraktas pasi\u017eymi daugialype antioksidacine nauda, suteikian\u010dia odai nat\u016bral\u0173 \u0161vyt\u0117jim\u0105. Ekologi\u0161kas vynuogi\u0173 vanduo ir hialurono r\u016bg\u0161tis atkuria odos\u00a0 pusiausvyr\u0105 ir dr\u0117kina j\u0105.<\/p>\n<p><strong>Naudojimas: <\/strong>Kasdien ryte ir vakare tepkite ant i\u0161valytos odos.<\/p>\n<p><strong>Kaip veikia: <\/strong><\/p>\n<ul>\n<li>Atkuria i\u0161saus\u0117jusios ar sudirgusios odos pusiausvyr\u0105.<\/li>\n<li>Suteikia kasdien\u0119 antioksidacin\u0119 apsaug\u0105.<\/li>\n<li>Stiprina odos apsaug\u0105 nuo \u017ealingo aplinkos poveikio.<\/li>\n<\/ul>\n","protected":false},"featured_media":21014,"template":"","meta":[],"etheme_brands":[],"product_cat":[47],"product_tag":[],"_links":{"self":[{"href":"https:\/\/imageskincare.lt\/lt\/wp-json\/wp\/v2\/product\/21147"}],"collection":[{"href":"https:\/\/imageskincare.lt\/lt\/wp-json\/wp\/v2\/product"}],"about":[{"href":"https:\/\/imageskincare.lt\/lt\/wp-json\/wp\/v2\/types\/product"}],"wp:featuredmedia":[{"embeddable":true,"href":"https:\/\/imageskincare.lt\/lt\/wp-json\/wp\/v2\/media\/21014"}],"wp:attachment":[{"href":"https:\/\/imageskincare.lt\/lt\/wp-json\/wp\/v2\/media?parent=21147"}],"wp:term":[{"taxonomy":"brand","embeddable":true,"href":"https:\/\/imageskincare.lt\/lt\/wp-json\/wp\/v2\/etheme_brands?post=21147"},{"taxonomy":"product_cat","embeddable":true,"href":"https:\/\/imageskincare.lt\/lt\/wp-json\/wp\/v2\/product_cat?post=21147"},{"taxonomy":"product_tag","embeddable":true,"href":"https:\/\/imageskincare.lt\/lt\/wp-json\/wp\/v2\/product_tag?post=21147"}],"curies":[{"name":"wp","href":"https:\/\/api.w.org\/{rel}","templated":true}]}}