{"id":21148,"date":"2023-02-22T12:22:06","date_gmt":"2023-02-22T12:22:06","guid":{"rendered":"https:\/\/imageskincare.lt\/product\/ormedic-sheer-pink-lip-enhancement-complex\/"},"modified":"2023-04-11T10:49:33","modified_gmt":"2023-04-11T10:49:33","slug":"ormedic-sheer-pink-lip-enhancement-complex","status":"publish","type":"product","link":"https:\/\/imageskincare.lt\/lt\/produktas\/ormedic-sheer-pink-lip-enhancement-complex\/","title":{"rendered":"ORMEDIC \u0160velniai rausvas l\u016bp\u0173 odos stiprinimo kompleksas"},"content":{"rendered":"<p data-canvas-width=\"224.62510063212773\"><strong>DETAILS<\/strong><\/p>\n<p data-canvas-width=\"224.62510063212773\">A limited-edition, subtly tinted lip moisturizer that instantly infuses lips with soothing hydration while improving the appearance and volume of lip contours. It diminishes fine lines and contains an anti-aging complex that supports collagen in the lips, so they look naturally firm and full. This limited edition offers a beautifully sheer, rosy tint and benefits the Care for Skin Foundation with every purchase.<\/p>\n<p data-canvas-width=\"188.43918923121598\">Physician formulated for:<\/p>\n<ul>\n<li>All skin types<\/li>\n<li>Fine lines<\/li>\n<li>Dry, dehydrated lips<\/li>\n<li>Post-dermal fillers\/injections<\/li>\n<\/ul>\n","protected":false},"excerpt":{"rendered":"<p>\u0160velniai rausvos spalvos priemon\u0117 ypa\u010d intensyviai dr\u0117kina, sud\u0117tyje esantys poli peptidai vizualiai padidina l\u016bp\u0173 apimt\u012f. Akimirksniu atgaivina ir dr\u0117kina, kad l\u016bpos atrodyt\u0173 nat\u016braliai putlios.<\/p>\n<p><strong>Naudojimas:<\/strong> Ryte ir vakare tepkite ant l\u016bp\u0173, pagal poreik\u012f galima naudoti dienos b\u0117gyje.<\/p>\n","protected":false},"featured_media":20968,"template":"","meta":[],"etheme_brands":[],"product_cat":[48,52],"product_tag":[],"_links":{"self":[{"href":"https:\/\/imageskincare.lt\/lt\/wp-json\/wp\/v2\/product\/21148"}],"collection":[{"href":"https:\/\/imageskincare.lt\/lt\/wp-json\/wp\/v2\/product"}],"about":[{"href":"https:\/\/imageskincare.lt\/lt\/wp-json\/wp\/v2\/types\/product"}],"wp:featuredmedia":[{"embeddable":true,"href":"https:\/\/imageskincare.lt\/lt\/wp-json\/wp\/v2\/media\/20968"}],"wp:attachment":[{"href":"https:\/\/imageskincare.lt\/lt\/wp-json\/wp\/v2\/media?parent=21148"}],"wp:term":[{"taxonomy":"brand","embeddable":true,"href":"https:\/\/imageskincare.lt\/lt\/wp-json\/wp\/v2\/etheme_brands?post=21148"},{"taxonomy":"product_cat","embeddable":true,"href":"https:\/\/imageskincare.lt\/lt\/wp-json\/wp\/v2\/product_cat?post=21148"},{"taxonomy":"product_tag","embeddable":true,"href":"https:\/\/imageskincare.lt\/lt\/wp-json\/wp\/v2\/product_tag?post=21148"}],"curies":[{"name":"wp","href":"https:\/\/api.w.org\/{rel}","templated":true}]}}