{"id":21149,"date":"2023-02-22T12:22:06","date_gmt":"2023-02-22T12:22:06","guid":{"rendered":"https:\/\/imageskincare.lt\/product\/vital-c-hydrating-eye-recovery-gel-5-fl-oz-15-ml\/"},"modified":"2023-04-11T10:53:04","modified_gmt":"2023-04-11T10:53:04","slug":"vital-c-hydrating-eye-recovery-gel-5-fl-oz-15-ml","status":"publish","type":"product","link":"https:\/\/imageskincare.lt\/lt\/produktas\/vital-c-hydrating-eye-recovery-gel-5-fl-oz-15-ml\/","title":{"rendered":"Vital C Dr\u0117kinamasis atkuriamasis aki\u0173 gelis 5 fl oz (15 mL)"},"content":{"rendered":"<p data-canvas-width=\"15.61241330718954\"><strong>DETAILS<\/strong><\/p>\n<p data-canvas-width=\"15.61241330718954\">This cooling gel formula soothes the delicate eye area and improves the signs of aging with ultra-hydrating hyaluronic acid, wrinkle-altering peptides and nourishing antioxidants. Featuring our proprietary Collagen Recovery Complex, it helps to firm skin, improve elasticity and diminish dark circles and puffiness.<\/p>\n<p data-canvas-width=\"188.43918923121598\">Physician formulated for:<\/p>\n<ul>\n<li>Dry, dehydrated and tired eyes<\/li>\n<li>Fine lines<\/li>\n<li>Puffiness<\/li>\n<\/ul>\n","protected":false},"excerpt":{"rendered":"<p>V\u0117sinant\u012f poveik\u012f turintis gelis paakiams praturtintas hialurono r\u016bg\u0161timi, maitinan\u010diais antioksidantais ir galingais peptidais, kurie suma\u017eina smulki\u0173 rauk\u0161li\u0173 atsiradim\u0105. Dr\u0117kinanti formul\u0117 suteikia odai stangrumo ir suma\u017eina patinimus.<strong>Naudojimas: <\/strong>Ryte ir vakare \u0161velniais judesiais paskirstikite priemon\u0119 zonoje aplink akis.<\/p>\n<p><strong>Kaip veikia<\/strong> :<\/p>\n<p>\u0160i v\u0117sinan\u010dio gelio formul\u0117 nuramina gle\u017en\u0105 paaki\u0173 srit\u012f ir stabdo sen\u0117jimo po\u017eymius su itin dr\u0117kinan\u010dia hialurono r\u016bg\u0161timi, rauk\u0161les ma\u017einan\u010diais peptidais ir maitinan\u010diais antioksidantais.<\/p>\n<ul>\n<li>Palaiko kolageno sintez\u0119.<\/li>\n<li>Suma\u017eina rauk\u0161li\u0173 atsiradim\u0105.<\/li>\n<li>Pagerina tamsi\u0173 ir paburkusi\u0173 ratil\u0173 i\u0161vaizd\u0105.<\/li>\n<li>Lengvai ramina paaki\u0173 srit\u012f.<\/li>\n<li>Ma\u017eina i\u0161saus\u0117jimo po\u017eymius.<\/li>\n<\/ul>\n<p>Klini\u0161kai \u012frodyta, kad:<\/p>\n<ul>\n<li>Suma\u017eina rauk\u0161li\u0173 atsiradim\u0105.<\/li>\n<li>Suma\u017eina tamsi\u0173 ratil\u0173 aplink akis atsiradim\u0105.<\/li>\n<\/ul>\n","protected":false},"featured_media":20975,"template":"","meta":[],"etheme_brands":[],"product_cat":[48],"product_tag":[],"_links":{"self":[{"href":"https:\/\/imageskincare.lt\/lt\/wp-json\/wp\/v2\/product\/21149"}],"collection":[{"href":"https:\/\/imageskincare.lt\/lt\/wp-json\/wp\/v2\/product"}],"about":[{"href":"https:\/\/imageskincare.lt\/lt\/wp-json\/wp\/v2\/types\/product"}],"wp:featuredmedia":[{"embeddable":true,"href":"https:\/\/imageskincare.lt\/lt\/wp-json\/wp\/v2\/media\/20975"}],"wp:attachment":[{"href":"https:\/\/imageskincare.lt\/lt\/wp-json\/wp\/v2\/media?parent=21149"}],"wp:term":[{"taxonomy":"brand","embeddable":true,"href":"https:\/\/imageskincare.lt\/lt\/wp-json\/wp\/v2\/etheme_brands?post=21149"},{"taxonomy":"product_cat","embeddable":true,"href":"https:\/\/imageskincare.lt\/lt\/wp-json\/wp\/v2\/product_cat?post=21149"},{"taxonomy":"product_tag","embeddable":true,"href":"https:\/\/imageskincare.lt\/lt\/wp-json\/wp\/v2\/product_tag?post=21149"}],"curies":[{"name":"wp","href":"https:\/\/api.w.org\/{rel}","templated":true}]}}