{"id":21151,"date":"2023-02-22T12:22:06","date_gmt":"2023-02-22T12:22:06","guid":{"rendered":"https:\/\/imageskincare.lt\/product\/vital-c-hydrating-enzyme-masque-2-oz-57-g\/"},"modified":"2023-04-11T10:56:37","modified_gmt":"2023-04-11T10:56:37","slug":"vital-c-hydrating-enzyme-masque-2-oz-57-g","status":"publish","type":"product","link":"https:\/\/imageskincare.lt\/lt\/produktas\/vital-c-hydrating-enzyme-masque-2-oz-57-g\/","title":{"rendered":"VITAL C hydrating enzyme masque 2 oz (57 g)"},"content":{"rendered":"<p data-canvas-width=\"378.69879447893493\"><strong>DETAILS<\/strong><\/p>\n<p data-canvas-width=\"378.69879447893493\">The perfect skin resurfacing agent for the redness- and rosacea-prone, this masque utilizes natural enzymatic exfoliants to gently dissolve the buildup of dead skin cells that dull the surface of the skin. It infuses skin with protective antioxidants and vitamins that nourish and promote healthy looking skin.<\/p>\n<p data-canvas-width=\"188.43918923121598\">Physician formulated for:<\/p>\n<ul>\n<li>Sensitive and irritated skin<\/li>\n<li>Aging skin<\/li>\n<li>Dry, dehydrated skin<\/li>\n<li>Oily or acne-prone skin<\/li>\n<li>Gently exfoliating post-peel or post-operative skin<\/li>\n<\/ul>\n","protected":false},"excerpt":{"rendered":"<p>Nat\u016braliais, od\u0105 \u0161vei\u010dian\u010diais fermentais praturtinta kauk\u0117 \u0161velniai pa\u0161alina negyv\u0173 odos l\u0105steli\u0173 sankaupas, suteikia odai skaistum\u0105 ir tolygi\u0105 spalv\u0105. Antioksidantai ir vitaminai maitina ir dr\u0117kina od\u0105.<\/p>\n<p><strong>Naudojimas: <\/strong>U\u017etepkite stor\u0105 sluoksn\u012f kauk\u0117s ant i\u0161valytos odos, laikykite 5 \u2013 30 minu\u010di\u0173. Po to nuplaukite drungnu vandeniu ir atgaivinkite od\u0105 su \u0161altu. Galima naudoti kasdien ypatingai papilk\u0117jusiai odai, kad akimirksniu atkurti jos \u0161vyt\u0117jim\u0105.<\/p>\n","protected":false},"featured_media":20985,"template":"","meta":[],"etheme_brands":[],"product_cat":[46],"product_tag":[],"_links":{"self":[{"href":"https:\/\/imageskincare.lt\/lt\/wp-json\/wp\/v2\/product\/21151"}],"collection":[{"href":"https:\/\/imageskincare.lt\/lt\/wp-json\/wp\/v2\/product"}],"about":[{"href":"https:\/\/imageskincare.lt\/lt\/wp-json\/wp\/v2\/types\/product"}],"wp:featuredmedia":[{"embeddable":true,"href":"https:\/\/imageskincare.lt\/lt\/wp-json\/wp\/v2\/media\/20985"}],"wp:attachment":[{"href":"https:\/\/imageskincare.lt\/lt\/wp-json\/wp\/v2\/media?parent=21151"}],"wp:term":[{"taxonomy":"brand","embeddable":true,"href":"https:\/\/imageskincare.lt\/lt\/wp-json\/wp\/v2\/etheme_brands?post=21151"},{"taxonomy":"product_cat","embeddable":true,"href":"https:\/\/imageskincare.lt\/lt\/wp-json\/wp\/v2\/product_cat?post=21151"},{"taxonomy":"product_tag","embeddable":true,"href":"https:\/\/imageskincare.lt\/lt\/wp-json\/wp\/v2\/product_tag?post=21151"}],"curies":[{"name":"wp","href":"https:\/\/api.w.org\/{rel}","templated":true}]}}