{"id":21152,"date":"2023-02-22T12:22:28","date_gmt":"2023-02-22T12:22:28","guid":{"rendered":"https:\/\/imageskincare.lt\/product\/vital-c-hydrating-anti-aging-serum-1-7-fl-oz-50-ml\/"},"modified":"2023-04-11T10:58:47","modified_gmt":"2023-04-11T10:58:47","slug":"vital-c-hydrating-anti-aging-serum-1-7-fl-oz-50-ml","status":"publish","type":"product","link":"https:\/\/imageskincare.lt\/lt\/produktas\/vital-c-hydrating-anti-aging-serum-1-7-fl-oz-50-ml\/","title":{"rendered":"Vital C Dr\u0117kinamasis sen\u0117jim\u0105 stabdantis serumas"},"content":{"rendered":"<p>Serumas visiems odos tipams, su\u0161velnina smulki\u0173 rauk\u0161li\u0173 atsiradim\u0105 ir kovoja su aplinkos poveikio sukelta \u017eala. Hialurono r\u016bg\u0161tis padeda i\u0161laikyti dr\u0117gm\u0119. Sud\u0117tyje yra kelios stabilaus vitamino C formos, pa\u0161viesinan\u010dios od\u0105 ir kovojan\u010dios su matomais papilk\u0117jimo ir sen\u0117jimo po\u017eymiais, kad sukurt\u0173 sveik\u0105, jaunatvi\u0161k\u0105 spindes\u012f.<\/p>\n<p><strong>Naudojimas:<\/strong> Ryte ir vakare tepkite priemon\u0119 ant visi\u0161kai \u0161varios odos.<\/p>\n<p><strong>Kaip veikia<\/strong> :<\/p>\n<ul>\n<li>Suteikia nat\u016bral\u0173 odos \u0161vyt\u0117jim\u0105.<\/li>\n<li>Hialurono r\u016bg\u0161timi sulaiko dr\u0117gm\u0119 odoje.<\/li>\n<li>Padeda suma\u017einti smulkias rauk\u0161leles ir stabdo rauk\u0161li\u0173 atsiradim\u0105.<\/li>\n<li>Padeda kovoti su tamsiomis d\u0117m\u0117mis ir netolygiu odos tonu.<\/li>\n<li>Suteikia antioksidacin\u0119 apsaug\u0105 nuo kasdieni\u0173 odos stresini\u0173 veiksni\u0173.<\/li>\n<\/ul>\n<p data-canvas-width=\"414.69229934077646\">Akimirksniu nuramina papilk\u0117jusi\u0105, saus\u0105 od\u0105 ir suma\u017eina matomus streso ir nuovargio po\u017eymius.<\/p>\n","protected":false},"excerpt":{"rendered":"<p>Our #1 bestselling serum softens the appearance of wrinkles, supports skin elasticity and fights environmental damage.<\/p>\n<p>Fresh, energizing aroma courtesy of natural orange peel.<\/p>\n","protected":false},"featured_media":21012,"template":"","meta":[],"etheme_brands":[],"product_cat":[47],"product_tag":[],"_links":{"self":[{"href":"https:\/\/imageskincare.lt\/lt\/wp-json\/wp\/v2\/product\/21152"}],"collection":[{"href":"https:\/\/imageskincare.lt\/lt\/wp-json\/wp\/v2\/product"}],"about":[{"href":"https:\/\/imageskincare.lt\/lt\/wp-json\/wp\/v2\/types\/product"}],"wp:featuredmedia":[{"embeddable":true,"href":"https:\/\/imageskincare.lt\/lt\/wp-json\/wp\/v2\/media\/21012"}],"wp:attachment":[{"href":"https:\/\/imageskincare.lt\/lt\/wp-json\/wp\/v2\/media?parent=21152"}],"wp:term":[{"taxonomy":"brand","embeddable":true,"href":"https:\/\/imageskincare.lt\/lt\/wp-json\/wp\/v2\/etheme_brands?post=21152"},{"taxonomy":"product_cat","embeddable":true,"href":"https:\/\/imageskincare.lt\/lt\/wp-json\/wp\/v2\/product_cat?post=21152"},{"taxonomy":"product_tag","embeddable":true,"href":"https:\/\/imageskincare.lt\/lt\/wp-json\/wp\/v2\/product_tag?post=21152"}],"curies":[{"name":"wp","href":"https:\/\/api.w.org\/{rel}","templated":true}]}}