{"id":21154,"date":"2023-02-22T12:22:06","date_gmt":"2023-02-22T12:22:06","guid":{"rendered":"https:\/\/imageskincare.lt\/product\/vital-c-hydrating-facial-cleanser-6-fl-oz-177-ml\/"},"modified":"2023-04-11T11:01:09","modified_gmt":"2023-04-11T11:01:09","slug":"vital-c-hydrating-facial-cleanser-6-fl-oz-177-ml","status":"publish","type":"product","link":"https:\/\/imageskincare.lt\/lt\/produktas\/vital-c-hydrating-facial-cleanser-6-fl-oz-177-ml\/","title":{"rendered":"Vital C dr\u0117kinamasis veido prausiklis 6 fl oz (177 mL)"},"content":{"rendered":"<p>Kreminis dr\u0117kinamasis prausiklis \u0161velniai pa\u0161alina makia\u017e\u0105 ir ne\u0161varumus, tuo pa\u010diu maitinantis od\u0105 b\u016btinais vitaminais ir antioksidantais<\/p>\n<p><strong>Naudojimas: <\/strong>Ryte ir vakare paskirstykite priemon\u0119 ant veido ir masa\u017euokite 1 min., po to nuplaukite drungnu vandeniu.<\/p>\n<p><strong>Kaip veikia: <\/strong><\/p>\n<ul>\n<li>Suteikia pastebim\u0105 odos \u0161vyt\u0117jim\u0105.<\/li>\n<li>D\u0117ka hialurono r\u016bg\u0161ties sud\u0117tyje, sulaiko odoje dr\u0117gm\u0119.<\/li>\n<li>Padeda suma\u017einti rauk\u0161li\u0173 atsiradim\u0105.<\/li>\n<li>Padeda kovoti su tamsiomis d\u0117m\u0117mis ir netolygiu odos tonu.<\/li>\n<li>Suteikia antioksidacin\u0119 apsaug\u0105 nuo kasdieni\u0173 odos stresini\u0173 veiksni\u0173.<\/li>\n<li>Akimirksniu nuramina papilk\u0117jusi\u0105, saus\u0105 od\u0105 ir suma\u017eina matomus streso ir nuovargio po\u017eymius.<\/li>\n<\/ul>\n","protected":false},"excerpt":{"rendered":"<p>This creamy, hydrating cleanser gently removes makeup and impurities.<\/p>\n<p>Fresh, energizing aroma courtesy of natural orange peel.<\/p>\n","protected":false},"featured_media":20953,"template":"","meta":[],"etheme_brands":[],"product_cat":[49],"product_tag":[],"_links":{"self":[{"href":"https:\/\/imageskincare.lt\/lt\/wp-json\/wp\/v2\/product\/21154"}],"collection":[{"href":"https:\/\/imageskincare.lt\/lt\/wp-json\/wp\/v2\/product"}],"about":[{"href":"https:\/\/imageskincare.lt\/lt\/wp-json\/wp\/v2\/types\/product"}],"wp:featuredmedia":[{"embeddable":true,"href":"https:\/\/imageskincare.lt\/lt\/wp-json\/wp\/v2\/media\/20953"}],"wp:attachment":[{"href":"https:\/\/imageskincare.lt\/lt\/wp-json\/wp\/v2\/media?parent=21154"}],"wp:term":[{"taxonomy":"brand","embeddable":true,"href":"https:\/\/imageskincare.lt\/lt\/wp-json\/wp\/v2\/etheme_brands?post=21154"},{"taxonomy":"product_cat","embeddable":true,"href":"https:\/\/imageskincare.lt\/lt\/wp-json\/wp\/v2\/product_cat?post=21154"},{"taxonomy":"product_tag","embeddable":true,"href":"https:\/\/imageskincare.lt\/lt\/wp-json\/wp\/v2\/product_tag?post=21154"}],"curies":[{"name":"wp","href":"https:\/\/api.w.org\/{rel}","templated":true}]}}