{"id":21155,"date":"2023-02-22T12:23:30","date_gmt":"2023-02-22T12:23:30","guid":{"rendered":"https:\/\/imageskincare.lt\/product\/vital-c-hydrating-facial-mist\/"},"modified":"2023-04-11T11:02:51","modified_gmt":"2023-04-11T11:02:51","slug":"vital-c-hydrating-facial-mist","status":"publish","type":"product","link":"https:\/\/imageskincare.lt\/lt\/produktas\/vital-c-hydrating-facial-mist\/","title":{"rendered":"Vital C Dr\u0117kinamoji veido dulksna"},"content":{"rendered":"<p>The next big thing in brightening gives dull skin a visible recharge, instantly and over time.<\/p>\n<p>This concentrated corrector + skin brightener serum helps to reduce the appearance of pigmentation and dark spots while enhancing luminosity for a lit-from-within glow. The power-packed formula with tranexamic acid, vitamin C and niacinamide delivers optimal brightening benefits and targets dull, uneven skin tone. Silky and lightweight, this liquid booster can be applied on its own and layers seamlessly under your favorite cr\u00e8me.<\/p>\n<p>The experience:<br \/>\nThe light, translucent texture with refreshing geranium and orange oils effortlessly sinks into skin and leaves a soft, dewy finish.<\/p>\n<p>Who it&#8217;s for:<br \/>\nAll skin types especially those experiencing pigmentation, dark spots, uneven skin tone and texture<\/p>\n<p>Part of the award-winning* ILUMA collection, this advanced skin brightener meets our clean clinical skincare\u2122 standard and is formulated without parabens, phthalates, mineral oils, artificial fragrances, synthetic dyes or animal testing.<\/p>\n<p><em>*2019 and 2020 American Spa Professional\u2019s Choice Awards winner, favorite lightening line<\/em><\/p>\n<p>CLINICAL RESULTS<\/p>\n<p>AFTER 4 WEEKS<br \/>\n97% of participants reported the product boosts luminosity in uneven skin tone**<br \/>\n94% of participants agreed the product evens skin tone and texture**<br \/>\n93% of participants agreed that skin looks more luminous and radiant**<\/p>\n<p>AFTER 12 WEEKS<br \/>\nImproves uneven skin tone and pigmentation by 17%**<br \/>\n100% of participants reported the product boosts luminosity in uneven skin tone**<br \/>\n93% of participants agreed the product helps reduce the appearance of pigmentation**<\/p>\n<p>**Based on a clinical study and consumer panel of 30 female participants ages 23 \u2013 55 with daily application of the ILUMA intense facial illuminator. All photos taken at a third-party independent clinical testing laboratory. Photos have not been retouched. Study data on file with Image International Manufacturing, LLC.<\/p>\n","protected":false},"excerpt":{"rendered":"<p>Lengva, citrusini\u0173 vaisi\u0173 aromato dulksna apsaugo od\u0105 nuo aplinkos tar\u0161os, suteikia energijos ir atgaivina j\u0105. Praturtinta stabilizuotu vitaminu C ir aukso submikrodalel\u0117mis, u\u017etikrina antioksidantin\u0119 apsaug\u0105. Cukranendri\u0173 ekstraktas nuramina od\u0105 ir suteikia jai aksominio mink\u0161tumo.<\/p>\n<p><strong>Naudojimas:<\/strong> 25 cm atstumu, purk\u0161kite ant odos, vengdami aki\u0173 srities. Naudokite prie\u0161 arba po kasdienio odos prie\u017ei\u016bros ritualo, kad padidinti dr\u0117gm\u0117s lyg\u012f odoje ir atgaivinti j\u0105.<\/p>\n<p><strong>Kaip veikia:<\/strong><br \/>\n\u25cf Suteikia pastebim\u0105 odos \u0161vyt\u0117jim\u0105.<br \/>\n\u25cf D\u0117ka hialurono r\u016bg\u0161ties sud\u0117tyje, sulaiko odoje dr\u0117gm\u0119.<br \/>\n\u25cf Padeda suma\u017einti rauk\u0161li\u0173 atsiradim\u0105.<br \/>\n\u25cf Padeda kovoti su tamsiomis d\u0117m\u0117mis ir netolygiu odos tonu.<br \/>\n\u25cf Suteikia antioksidacin\u0119 apsaug\u0105 nuo kasdieni\u0173 odos stresini\u0173 veiksni\u0173.<br \/>\n\u25cf Akimirksniu nuramina papilk\u0117jusi\u0105, saus\u0105 od\u0105 ir suma\u017eina matomus streso ir nuovargio po\u017eymius.<\/p>\n","protected":false},"featured_media":21085,"template":"","meta":[],"etheme_brands":[],"product_cat":[45],"product_tag":[],"_links":{"self":[{"href":"https:\/\/imageskincare.lt\/lt\/wp-json\/wp\/v2\/product\/21155"}],"collection":[{"href":"https:\/\/imageskincare.lt\/lt\/wp-json\/wp\/v2\/product"}],"about":[{"href":"https:\/\/imageskincare.lt\/lt\/wp-json\/wp\/v2\/types\/product"}],"wp:featuredmedia":[{"embeddable":true,"href":"https:\/\/imageskincare.lt\/lt\/wp-json\/wp\/v2\/media\/21085"}],"wp:attachment":[{"href":"https:\/\/imageskincare.lt\/lt\/wp-json\/wp\/v2\/media?parent=21155"}],"wp:term":[{"taxonomy":"brand","embeddable":true,"href":"https:\/\/imageskincare.lt\/lt\/wp-json\/wp\/v2\/etheme_brands?post=21155"},{"taxonomy":"product_cat","embeddable":true,"href":"https:\/\/imageskincare.lt\/lt\/wp-json\/wp\/v2\/product_cat?post=21155"},{"taxonomy":"product_tag","embeddable":true,"href":"https:\/\/imageskincare.lt\/lt\/wp-json\/wp\/v2\/product_tag?post=21155"}],"curies":[{"name":"wp","href":"https:\/\/api.w.org\/{rel}","templated":true}]}}