{"id":21156,"date":"2023-02-22T12:22:50","date_gmt":"2023-02-22T12:22:50","guid":{"rendered":"https:\/\/imageskincare.lt\/product\/vital-c-hydrating-facial-oil-1-fl-oz-30-ml\/"},"modified":"2023-04-11T11:04:09","modified_gmt":"2023-04-11T11:04:09","slug":"vital-c-hydrating-facial-oil-1-fl-oz-30-ml","status":"publish","type":"product","link":"https:\/\/imageskincare.lt\/lt\/produktas\/vital-c-hydrating-facial-oil-1-fl-oz-30-ml\/","title":{"rendered":"Vital C Dr\u0117kinamasis veido aliejus 1 fl oz (30 mL)"},"content":{"rendered":"<p data-canvas-width=\"368.4601026990919\"><strong>DETAILS<\/strong><\/p>\n<p data-canvas-width=\"368.4601026990919\">Rejuvenate and revive radiance in dull, fatigued skin with a blend of skin-conditioning plant oils, nourishing fatty acids and known antioxidants that work in concert to reinforce the skin\u2019s lipid barrier. This ultra-light oil feels weightless on the skin but offers powerful moisture retention effects to keep it soft and supple.<\/p>\n<p data-canvas-width=\"188.43918923121598\">Physician formulated for:<\/p>\n<ul>\n<li>Dry, dehydrated skin<\/li>\n<li>Sensitive skin<\/li>\n<\/ul>\n","protected":false},"excerpt":{"rendered":"<p>\u0160vyt\u0117jimo suteikiantis aliejus, maitina papilk\u0117jusi\u0105, pavargusi\u0105 od\u0105. Od\u0105 kondicionuojan\u010di\u0173 argano, \u0161altalanki\u0173 ir vynuogi\u0173 s\u0117kl\u0173 aliej\u0173 mi\u0161inys giliai dr\u0117kina saus\u0105 od\u0105. Oda atrodo sveika, \u0161velni ir elastinga.<\/p>\n<p><strong>Naudojimas:<\/strong> Ryte ir vakare u\u017etepkite vien\u0105 piln\u0105 pipet\u0117s doz\u0119 ant visi\u0161kai \u0161varios odos.<\/p>\n<p><strong>Kaip veikia:<\/strong><\/p>\n<p>\u0160is itin lengvas aliejus puikiai i\u0161laiko dr\u0117gm\u0119 odoje, kad oda b\u016bt\u0173 sveika, \u0161velni ir elastinga.<\/p>\n<ul>\n<li>Pastebimai suma\u017eina smulkias rauk\u0161leles.<\/li>\n<li>Riebal\u0173 r\u016bg\u0161\u010di\u0173 ir antioksidant\u0173 mi\u0161inys suteikia stipr\u0173 od\u0105 atjauninant\u012f efekt\u0105.<\/li>\n<li>\u0160ilkin\u0117, lengva aliejaus tekst\u016bra itin greitai susigeria.<\/li>\n<\/ul>\n","protected":false},"featured_media":21030,"template":"","meta":[],"etheme_brands":[],"product_cat":[44],"product_tag":[],"_links":{"self":[{"href":"https:\/\/imageskincare.lt\/lt\/wp-json\/wp\/v2\/product\/21156"}],"collection":[{"href":"https:\/\/imageskincare.lt\/lt\/wp-json\/wp\/v2\/product"}],"about":[{"href":"https:\/\/imageskincare.lt\/lt\/wp-json\/wp\/v2\/types\/product"}],"wp:featuredmedia":[{"embeddable":true,"href":"https:\/\/imageskincare.lt\/lt\/wp-json\/wp\/v2\/media\/21030"}],"wp:attachment":[{"href":"https:\/\/imageskincare.lt\/lt\/wp-json\/wp\/v2\/media?parent=21156"}],"wp:term":[{"taxonomy":"brand","embeddable":true,"href":"https:\/\/imageskincare.lt\/lt\/wp-json\/wp\/v2\/etheme_brands?post=21156"},{"taxonomy":"product_cat","embeddable":true,"href":"https:\/\/imageskincare.lt\/lt\/wp-json\/wp\/v2\/product_cat?post=21156"},{"taxonomy":"product_tag","embeddable":true,"href":"https:\/\/imageskincare.lt\/lt\/wp-json\/wp\/v2\/product_tag?post=21156"}],"curies":[{"name":"wp","href":"https:\/\/api.w.org\/{rel}","templated":true}]}}