{"id":21157,"date":"2023-02-22T12:22:49","date_gmt":"2023-02-22T12:22:49","guid":{"rendered":"https:\/\/imageskincare.lt\/product\/vital-c-hydrating-hand-and-body-lotion-6-oz-170-g\/"},"modified":"2023-04-11T11:05:27","modified_gmt":"2023-04-11T11:05:27","slug":"vital-c-hydrating-hand-and-body-lotion-6-oz-170-g","status":"publish","type":"product","link":"https:\/\/imageskincare.lt\/lt\/produktas\/vital-c-hydrating-hand-and-body-lotion-6-oz-170-g\/","title":{"rendered":"VITAL C Dr\u0117kinamasis rank\u0173 ir veido losjonas 6 oz (170 g)"},"content":{"rendered":"<p data-canvas-width=\"395.9422336960156\"><strong>DETAILS<\/strong><\/p>\n<p data-canvas-width=\"395.9422336960156\">Experience the same powerful effects of our Vital C facial formulations in a quenching lotion designed especially for the body. Featuring four highly active forms of vitamin C, this luxurious moisturizer stars anti-aging ingredients often reserved for the face. It goes beyond hydrating to treat and target telltale signs of aging on the body.<\/p>\n<p data-canvas-width=\"188.43918923121598\">Physician formulated for:<\/p>\n<ul>\n<li>Dry and dehydrated skin on hands, feet and body<\/li>\n<li>Sensitive skin<\/li>\n<li>Redness-prone skin<\/li>\n<\/ul>\n","protected":false},"excerpt":{"rendered":"<p>Atraskite\u00a0 galing\u0105 t\u0173 pa\u010di\u0173\u00a0 vitamino C formuli\u0173 veidui\u00a0 poveik\u012f\u00a0 v\u0117sinan\u010diame losjone,kuris sukurtas specialiai k\u016bno prie\u017ei\u016brai. \u0160is prabangus dr\u0117kinamasis kremas, \u012f kurio sud\u0117t\u012f \u012feina keturios itin aktyvios vitamino C formos, pasi\u017eymi sen\u0117jim\u0105 stabdan\u010diomis sudedamosiomis dalimis, da\u017enai skirtoms veidui.\u0160is kremas ne tik dr\u0117kina k\u016bno od\u0105, bet ir padeda pa\u0161alinti k\u016bno sen\u0117jimo po\u017eymius.<\/p>\n<p><strong>Kaip veikia<\/strong>:<\/p>\n<ul>\n<li>Efektyviai dr\u0117kin\u0105 i\u0161sausint\u0105 od\u0105<\/li>\n<li>Vandens la\u0161eliai patek\u0119 ant odos suteikia ilgai trunkant\u012f dr\u0117kinam\u0105j\u012f efekt\u0105<\/li>\n<li>Suma\u017eina smulkias linijas, rauk\u0161leles bei paraudimus<\/li>\n<li>Palaiko kolagen\u0105<\/li>\n<\/ul>\n","protected":false},"featured_media":21021,"template":"","meta":[],"etheme_brands":[],"product_cat":[50],"product_tag":[],"_links":{"self":[{"href":"https:\/\/imageskincare.lt\/lt\/wp-json\/wp\/v2\/product\/21157"}],"collection":[{"href":"https:\/\/imageskincare.lt\/lt\/wp-json\/wp\/v2\/product"}],"about":[{"href":"https:\/\/imageskincare.lt\/lt\/wp-json\/wp\/v2\/types\/product"}],"wp:featuredmedia":[{"embeddable":true,"href":"https:\/\/imageskincare.lt\/lt\/wp-json\/wp\/v2\/media\/21021"}],"wp:attachment":[{"href":"https:\/\/imageskincare.lt\/lt\/wp-json\/wp\/v2\/media?parent=21157"}],"wp:term":[{"taxonomy":"brand","embeddable":true,"href":"https:\/\/imageskincare.lt\/lt\/wp-json\/wp\/v2\/etheme_brands?post=21157"},{"taxonomy":"product_cat","embeddable":true,"href":"https:\/\/imageskincare.lt\/lt\/wp-json\/wp\/v2\/product_cat?post=21157"},{"taxonomy":"product_tag","embeddable":true,"href":"https:\/\/imageskincare.lt\/lt\/wp-json\/wp\/v2\/product_tag?post=21157"}],"curies":[{"name":"wp","href":"https:\/\/api.w.org\/{rel}","templated":true}]}}