{"id":21158,"date":"2023-02-22T12:22:07","date_gmt":"2023-02-22T12:22:07","guid":{"rendered":"https:\/\/imageskincare.lt\/product\/vital-c-hydrating-intense-moisturizer-1-7-fl-oz-50-ml\/"},"modified":"2023-04-11T11:06:19","modified_gmt":"2023-04-11T11:06:19","slug":"vital-c-hydrating-intense-moisturizer-1-7-fl-oz-50-ml","status":"publish","type":"product","link":"https:\/\/imageskincare.lt\/lt\/produktas\/vital-c-hydrating-intense-moisturizer-1-7-fl-oz-50-ml\/","title":{"rendered":"VITAL C hydrating intense moisturizer 1.7 fl oz (50 mL)"},"content":{"rendered":"<p><strong>DETAILS<\/strong><\/p>\n<p>This nourishing, highly emollient cr\u00e8me progressively replenishes hydration and shields dehydrated skin against dryness. Rich in shea butter to help lock in moisture, along with the hydrating power of hyaluronic acid. The soothing texture absorbs quickly to rapidly comfort tight, irritated or sensitive skin.<\/p>\n<p>We&#8217;ve modernized VITAL C to meet our clean clinical skincare\u2122 commitment. This product is formulated without parabens, phthalates, mineral oils, artificial fragrances and synthetic dyes.<\/p>\n","protected":false},"excerpt":{"rendered":"<p>Od\u0105 maitinantis ir ypatingai mink\u0161tinantis kremas, pama\u017eu dr\u0117kina od\u0105 ir apsaugo nuo i\u0161saus\u0117jimo. Sud\u0117tyje esantis taukmed\u017eio sviestas padeda i\u0161laikyti dr\u0117gm\u0119 odoje. \u0160ilkin\u0117s tekst\u016bros kremas greitai susigeria ir akimirksniu suma\u017eina odos tempim\u0105, sausum\u0105 ar jautrum\u0105.<\/p>\n<p><strong>Naudojimas: <\/strong>Tepkite ant i\u0161valytos odos ryte ir\/arba vakare.<\/p>\n<p><strong>Kaip veikia<\/strong> :<\/p>\n<ul>\n<li>Akimirksniu sudr\u0117kina saus\u0105 od\u0105.<\/li>\n<li>Apsaugo nuo i\u0161saus\u0117jimo ir neigiam\u0173 aplinkos veiksni\u0173.<\/li>\n<li>Akimirksniu numal\u0161ina sausum\u0105, sudirginim\u0105 ir ma\u017eina odos jautrum\u0105.<\/li>\n<li>Vitaminas C ir peptidai skatina odos elastingum\u0105 ir stangrum\u0105.<\/li>\n<\/ul>\n","protected":false},"featured_media":21001,"template":"","meta":[],"etheme_brands":[],"product_cat":[45],"product_tag":[],"_links":{"self":[{"href":"https:\/\/imageskincare.lt\/lt\/wp-json\/wp\/v2\/product\/21158"}],"collection":[{"href":"https:\/\/imageskincare.lt\/lt\/wp-json\/wp\/v2\/product"}],"about":[{"href":"https:\/\/imageskincare.lt\/lt\/wp-json\/wp\/v2\/types\/product"}],"wp:featuredmedia":[{"embeddable":true,"href":"https:\/\/imageskincare.lt\/lt\/wp-json\/wp\/v2\/media\/21001"}],"wp:attachment":[{"href":"https:\/\/imageskincare.lt\/lt\/wp-json\/wp\/v2\/media?parent=21158"}],"wp:term":[{"taxonomy":"brand","embeddable":true,"href":"https:\/\/imageskincare.lt\/lt\/wp-json\/wp\/v2\/etheme_brands?post=21158"},{"taxonomy":"product_cat","embeddable":true,"href":"https:\/\/imageskincare.lt\/lt\/wp-json\/wp\/v2\/product_cat?post=21158"},{"taxonomy":"product_tag","embeddable":true,"href":"https:\/\/imageskincare.lt\/lt\/wp-json\/wp\/v2\/product_tag?post=21158"}],"curies":[{"name":"wp","href":"https:\/\/api.w.org\/{rel}","templated":true}]}}