{"id":21159,"date":"2023-02-22T12:23:30","date_gmt":"2023-02-22T12:23:30","guid":{"rendered":"https:\/\/imageskincare.lt\/product\/vital-c-hydrating-overnight-masque\/"},"modified":"2023-04-11T11:07:51","modified_gmt":"2023-04-11T11:07:51","slug":"vital-c-hydrating-overnight-masque","status":"publish","type":"product","link":"https:\/\/imageskincare.lt\/lt\/produktas\/vital-c-hydrating-overnight-masque\/","title":{"rendered":"Vital C Dr\u0117kinamoji naktin\u0117 veido kauk\u0117 57g"},"content":{"rendered":"","protected":false},"excerpt":{"rendered":"<p>Proced\u016bra nak\u010diai, suteikianti gyvybingumo papilk\u0117jusiai odai. Gelin\u0117 tekst\u016bra apr\u016bpina od\u0105 reikiamu dr\u0117gm\u0117s kiekiu ir i\u0161saugo gyvybi\u0161kai svarbias maistines med\u017eiagas nakties metu. Sud\u0117tis praturtinta m\u0117lyn\u0173j\u0173\u2013\u017eali\u0173j\u0173 dumbli\u0173 ekstraktu ir trigubu mineral\u0173 kompleksu, kuris padeda atgaivinti od\u0105.<\/p>\n<p><strong>Naudojimas:<\/strong> Vakare stor\u0105 sluoksn\u012f kauk\u0117s u\u017etepkite ant visi\u0161kai \u0161varios odos ir palikite per nakt\u012f. Ryte nuplaukite drungnu vandeniu. Naudokite 2-3 kartus per savait\u0119.<\/p>\n<p><strong>Kaip veikia<\/strong><\/p>\n<p>\u0160i vienos nakties proced\u016bra padidina papilk\u0117jusios odos spindes\u012f. Gelio tekst\u016bra dr\u0117kina od\u0105 ir u\u017erakina gyvybi\u0161kai svarbias maistines med\u017eiagas miegant. Sukurtas su melsvadumbli\u0173 ekstraktu ir trigubu mineral\u0173 kompleksu. Po \u0161ios kauk\u0117s atsibusite su itin sudr\u0117kinta ir \u0161vytin\u010dia oda.<\/p>\n","protected":false},"featured_media":21078,"template":"","meta":[],"etheme_brands":[],"product_cat":[46],"product_tag":[],"_links":{"self":[{"href":"https:\/\/imageskincare.lt\/lt\/wp-json\/wp\/v2\/product\/21159"}],"collection":[{"href":"https:\/\/imageskincare.lt\/lt\/wp-json\/wp\/v2\/product"}],"about":[{"href":"https:\/\/imageskincare.lt\/lt\/wp-json\/wp\/v2\/types\/product"}],"wp:featuredmedia":[{"embeddable":true,"href":"https:\/\/imageskincare.lt\/lt\/wp-json\/wp\/v2\/media\/21078"}],"wp:attachment":[{"href":"https:\/\/imageskincare.lt\/lt\/wp-json\/wp\/v2\/media?parent=21159"}],"wp:term":[{"taxonomy":"brand","embeddable":true,"href":"https:\/\/imageskincare.lt\/lt\/wp-json\/wp\/v2\/etheme_brands?post=21159"},{"taxonomy":"product_cat","embeddable":true,"href":"https:\/\/imageskincare.lt\/lt\/wp-json\/wp\/v2\/product_cat?post=21159"},{"taxonomy":"product_tag","embeddable":true,"href":"https:\/\/imageskincare.lt\/lt\/wp-json\/wp\/v2\/product_tag?post=21159"}],"curies":[{"name":"wp","href":"https:\/\/api.w.org\/{rel}","templated":true}]}}