{"id":21160,"date":"2023-02-22T12:22:07","date_gmt":"2023-02-22T12:22:07","guid":{"rendered":"https:\/\/imageskincare.lt\/product\/vital-c-hydrating-repair-creme-57-g\/"},"modified":"2023-04-11T11:09:19","modified_gmt":"2023-04-11T11:09:19","slug":"vital-c-hydrating-repair-creme-57-g","status":"publish","type":"product","link":"https:\/\/imageskincare.lt\/lt\/produktas\/vital-c-hydrating-repair-creme-57-g\/","title":{"rendered":"Vital C Dr\u0117kinamasis atkuriamasis veido kremas (57 g)"},"content":{"rendered":"<p data-canvas-width=\"402.40966918593466\"><strong>DETAILS<\/strong><\/p>\n<p>This luxurious cr\u00e8me quenches and soothes the skin. Essential vitamins A and C provide ultra-nourishment while revitalizing texture and supporting elasticity and firmness. A blend of hyaluronic acid and ceramides helps to lock in moisture and soothe sensitivity.<\/p>\n<p>We&#8217;ve modernized VITAL C to meet our clean clinical skincare\u2122 commitment. This product is formulated without parabens, phthalates, mineral oils, artificial fragrances and synthetic dyes.<\/p>\n","protected":false},"excerpt":{"rendered":"<p>Itin dr\u0117kinantis kremas atgaivina od\u0105. B\u016btiniausi vitaminai A, C ir E maitina od\u0105 ir padeda papilk\u0117jusiai, sausai odai. Hialurono r\u016bg\u0161ties ir keramid\u0173 kompleksas padeda i\u0161laikyti dr\u0117gm\u0119, ramina jautri\u0105 od\u0105 ir suteikia jaunatvi\u0161k\u0105 i\u0161vaizd\u0105.<\/p>\n<p><strong>Naudojimas:<\/strong> Vakare gausiai tepkite krem\u0105 ant visi\u0161kai \u0161varios odos.<\/p>\n<p><strong>Kaip veikia<\/strong><\/p>\n<p>\u0160is produktas pagamintas be paraben\u0173, ftalat\u0173, mineralini\u0173 aliej\u0173, dirbtini\u0173 kvapi\u0173j\u0173 med\u017eiag\u0173 ir sintetini\u0173 da\u017eikli\u0173.<\/p>\n<ul>\n<li>Itin dr\u0117kinantis keramid\u0173 ir hialurono r\u016bg\u0161ties kompleksas sulaiko dr\u0117gm\u0119 ir ma\u017eina odos jautrum\u0105.<\/li>\n<li>Kovoja su smulkiomis rauk\u0161lel\u0117mis ir rauk\u0161li\u0173 atsiradimu.<\/li>\n<li>Stipri vitamino C forma palaiko odos elastingum\u0105 bei stangrum\u0105.<\/li>\n<li>Pagrindinis vitamin\u0173 mi\u0161inys maitina saus\u0105, papilk\u0117jusi\u0105 ir pavargusi\u0105 od\u0105.<\/li>\n<\/ul>\n<p>Vitamino A darinys atgaivina odos tekst\u016br\u0105 ir tonus\u0105.<\/p>\n","protected":false},"featured_media":21005,"template":"","meta":[],"etheme_brands":[],"product_cat":[45],"product_tag":[],"_links":{"self":[{"href":"https:\/\/imageskincare.lt\/lt\/wp-json\/wp\/v2\/product\/21160"}],"collection":[{"href":"https:\/\/imageskincare.lt\/lt\/wp-json\/wp\/v2\/product"}],"about":[{"href":"https:\/\/imageskincare.lt\/lt\/wp-json\/wp\/v2\/types\/product"}],"wp:featuredmedia":[{"embeddable":true,"href":"https:\/\/imageskincare.lt\/lt\/wp-json\/wp\/v2\/media\/21005"}],"wp:attachment":[{"href":"https:\/\/imageskincare.lt\/lt\/wp-json\/wp\/v2\/media?parent=21160"}],"wp:term":[{"taxonomy":"brand","embeddable":true,"href":"https:\/\/imageskincare.lt\/lt\/wp-json\/wp\/v2\/etheme_brands?post=21160"},{"taxonomy":"product_cat","embeddable":true,"href":"https:\/\/imageskincare.lt\/lt\/wp-json\/wp\/v2\/product_cat?post=21160"},{"taxonomy":"product_tag","embeddable":true,"href":"https:\/\/imageskincare.lt\/lt\/wp-json\/wp\/v2\/product_tag?post=21160"}],"curies":[{"name":"wp","href":"https:\/\/api.w.org\/{rel}","templated":true}]}}