{"id":21162,"date":"2023-02-22T12:23:09","date_gmt":"2023-02-22T12:23:09","guid":{"rendered":"https:\/\/imageskincare.lt\/product\/vital-c-hydrating-water-burst-2-fl-oz-59-ml\/"},"modified":"2023-04-11T11:10:38","modified_gmt":"2023-04-11T11:10:38","slug":"vital-c-hydrating-water-burst-2-fl-oz-59-ml","status":"publish","type":"product","link":"https:\/\/imageskincare.lt\/lt\/produktas\/vital-c-hydrating-water-burst-2-fl-oz-59-ml\/","title":{"rendered":"Vital C Dr\u0117kinamasis veido busteris 2 fl oz (59 mL)"},"content":{"rendered":"<p><strong>DETAILS<\/strong><\/p>\n<p>A lightweight, transformational, gel texture formulated to burst into intense hydration. Upon application it releases a flood of antioxidants, hyaluronic acid, vitamins and anti-aging peptides to provide a youthful, brighter, healthier-looking complexion.<\/p>\n<p>Physician-formulated. Paraben free.<\/p>\n<p><strong>SKIN TYPE<\/strong><\/p>\n<p>Dry or dehydrated skin; sensitive or irritated skin; post-treatment use.<\/p>\n","protected":false},"excerpt":{"rendered":"<p>\u0160is lengvas gelis s\u0105lytyje su oda virsta \u012f daugyb\u0119 ma\u017e\u0173 la\u0161eli\u0173, i\u0161skirdamas galyb\u0119 vitamin\u0173, antioksidant\u0173 ir hialurono r\u016bg\u0161ties, taip atgaivindamas ir pamaitindamas saus\u0105 od\u0105. Dr\u0117kinan\u010dios formul\u0117s d\u0117ka oda atrodo jaunatvi\u0161kesn\u0117, ry\u0161kesn\u0117 ir \u0161vytinti.<\/p>\n<p><strong>Naudojimas:<\/strong> U\u017etepkite priemon\u0119 ant \u0161varios odos ir energingai masa\u017euokite, kad suaktyvinti. Naudokite ryte, vakare ir dienos metu optimaliam odos dr\u0117kinimui.<\/p>\n","protected":false},"featured_media":21032,"template":"","meta":[],"etheme_brands":[],"product_cat":[44],"product_tag":[],"_links":{"self":[{"href":"https:\/\/imageskincare.lt\/lt\/wp-json\/wp\/v2\/product\/21162"}],"collection":[{"href":"https:\/\/imageskincare.lt\/lt\/wp-json\/wp\/v2\/product"}],"about":[{"href":"https:\/\/imageskincare.lt\/lt\/wp-json\/wp\/v2\/types\/product"}],"wp:featuredmedia":[{"embeddable":true,"href":"https:\/\/imageskincare.lt\/lt\/wp-json\/wp\/v2\/media\/21032"}],"wp:attachment":[{"href":"https:\/\/imageskincare.lt\/lt\/wp-json\/wp\/v2\/media?parent=21162"}],"wp:term":[{"taxonomy":"brand","embeddable":true,"href":"https:\/\/imageskincare.lt\/lt\/wp-json\/wp\/v2\/etheme_brands?post=21162"},{"taxonomy":"product_cat","embeddable":true,"href":"https:\/\/imageskincare.lt\/lt\/wp-json\/wp\/v2\/product_cat?post=21162"},{"taxonomy":"product_tag","embeddable":true,"href":"https:\/\/imageskincare.lt\/lt\/wp-json\/wp\/v2\/product_tag?post=21162"}],"curies":[{"name":"wp","href":"https:\/\/api.w.org\/{rel}","templated":true}]}}