{"id":21163,"date":"2023-02-22T12:23:30","date_gmt":"2023-02-22T12:23:30","guid":{"rendered":"https:\/\/imageskincare.lt\/product\/vital-c-hydrating-antioxidant-a-c-e-serum\/"},"modified":"2023-04-11T11:12:20","modified_gmt":"2023-04-11T11:12:20","slug":"vital-c-hydrating-antioxidant-a-c-e-serum","status":"publish","type":"product","link":"https:\/\/imageskincare.lt\/lt\/produktas\/vital-c-hydrating-antioxidant-a-c-e-serum\/","title":{"rendered":"Vital C Dr\u0117kinamasis veido serumas su antioksidantais A, C, E  1 fl oz (30mL)"},"content":{"rendered":"<p>Your skin&#8217;s daily multi-vitamin serum, with essential vitamins, amino acids, green tea extract and natural skin brighteners.<\/p>\n<p>Fresh, energizing aroma courtesy of natural orange peel.<\/p>\n","protected":false},"excerpt":{"rendered":"<p>\u0160i koncentruota priemon\u0117 yra praturtinta galingu vitamin\u0173, amino r\u016bg\u0161\u010di\u0173 ir augalini\u0173 antioksidant\u0173 kompleksu, kad suma\u017e\u0117t\u0173 rauk\u0161li\u0173, odos sausumas ir papilk\u0117jimas. Maksimalus antioksidant\u0173 kiekis \u0161vytin\u010diai, sveikai atrodan\u010diai odai.<\/p>\n<p><strong>Naudojimas:<\/strong> Ryte ir vakare naudokite priemon\u0119 ant visi\u0161kai \u0161varios odos.<\/p>\n<p><strong>Kaip veikia<\/strong> :<\/p>\n<ul>\n<li>Galingas augal\u0173 antioksidant\u0173 mi\u0161inys u\u017etikrina kasdien\u0119 apsaug\u0105 nuo neigiamo aplinkos poveikio.<\/li>\n<li>Raudonojo ro\u017einio vyno kompleksas kovoja su sen\u0117jimo po\u017eymiais, \u012fskaitant smulkias rauk\u0161leles.<\/li>\n<li>Suteikia maksimal\u0173 dr\u0117kinim\u0105, kovoja su i\u0161saus\u0117jimu ir padeda atgauti \u0161vytin\u010di\u0105, sveikai atrodan\u010di\u0105 od\u0105.<\/li>\n<\/ul>\n","protected":false},"featured_media":21086,"template":"","meta":[],"etheme_brands":[],"product_cat":[47],"product_tag":[],"_links":{"self":[{"href":"https:\/\/imageskincare.lt\/lt\/wp-json\/wp\/v2\/product\/21163"}],"collection":[{"href":"https:\/\/imageskincare.lt\/lt\/wp-json\/wp\/v2\/product"}],"about":[{"href":"https:\/\/imageskincare.lt\/lt\/wp-json\/wp\/v2\/types\/product"}],"wp:featuredmedia":[{"embeddable":true,"href":"https:\/\/imageskincare.lt\/lt\/wp-json\/wp\/v2\/media\/21086"}],"wp:attachment":[{"href":"https:\/\/imageskincare.lt\/lt\/wp-json\/wp\/v2\/media?parent=21163"}],"wp:term":[{"taxonomy":"brand","embeddable":true,"href":"https:\/\/imageskincare.lt\/lt\/wp-json\/wp\/v2\/etheme_brands?post=21163"},{"taxonomy":"product_cat","embeddable":true,"href":"https:\/\/imageskincare.lt\/lt\/wp-json\/wp\/v2\/product_cat?post=21163"},{"taxonomy":"product_tag","embeddable":true,"href":"https:\/\/imageskincare.lt\/lt\/wp-json\/wp\/v2\/product_tag?post=21163"}],"curies":[{"name":"wp","href":"https:\/\/api.w.org\/{rel}","templated":true}]}}